{"id":1327,"date":"2025-02-13T17:56:07","date_gmt":"2025-02-13T16:56:07","guid":{"rendered":"https:\/\/www.mayaelle.org\/?page_id=1327"},"modified":"2025-12-01T11:29:14","modified_gmt":"2025-12-01T10:29:14","slug":"formations","status":"publish","type":"page","link":"https:\/\/www.mayaelle.org\/es\/formations\/","title":{"rendered":"FORMACIONES"},"content":{"rendered":"\n<p class=\"has-heading-font-family\" style=\"font-size:clamp(0.875rem, 0.875rem + ((1vw - 0.2rem) * 0.708), 1.3rem);\">D\u00edgame qu\u00e9 espera, qu\u00e9 necesita, y evaluemos juntos c\u00f3mo puedo intervenir para formarle.<\/p>\n\n\n\n<p><em>Sitio web, contenidos, p\u00f3dcast y formaciones escritas sin inteligencia artificial.<br>\u00danicamente con la ayuda de una dosis de te\u00edna, acompa\u00f1ada de teobromina.<br>Con los ronroneos del Sr. Gato, algunas ojeras cuando la cabeza da demasiadas vueltas por la noche y nos volvemos a levantar para escribir, y algunos errores tipogr\u00e1ficos que deben quedar aqu\u00ed y all\u00e1.<br>Y como aprendemos cada d\u00eda, \u00a1diremos que el sitio web y el pensamiento a\u00fan est\u00e1n en construcci\u00f3n!<\/em><br><br>Me equivoco probablemente al no usar estas facilidades de la IA. <br>Personalmente y actualmente, me molestan tres cosas: <br>&#8211; Me parece que los contenidos escritos por IA&#8230; huelen a IA. Son identificables, se parecen. Y eso me molesta, tanto en cualidad de consumidora y lectora, como en cualidad de redactora y creadora. <br>&#8211; El impacto ecol\u00f3gico est\u00e1 ah\u00ed. As\u00ed que, mientras pueda usar mis neuronas para crear algunas cosas suficientemente relevantes, estoy contenta. <br>&#8211; La idea de que todo lo que le cuento a una IA son datos que en alguna parte son explotados, para mi bien o no, no me entusiasma. <br>&#8211; Me gusta mucho la ciencia ficci\u00f3n, entre otros g\u00e9neros literarios que tambi\u00e9n disfruto. Y, ciencia o ficci\u00f3n, me interesa el debate sobre la inteligencia artificial. Lo que leo, lo que escucho de los profesionales, no me tranquiliza del todo. <br>As\u00ed que prefiero, mientras sea posible, prescindir de ella.<\/p>\n\n\n\n<p>S\u00ed, son 4 puntos (algunos van siguiendo ^^).<br>Soy consciente de que las IA aportan numerosos beneficios. Notablemente, y para los temas que nos conciernen aqu\u00ed, permiten a personas con TDAH de mejor organizarse y gestionar sus tareas, ser m\u00e1s productivas, facilitan un acceso r\u00e1pido a informaci\u00f3n a menudo de calidad, permiten a personas autistas entrenarse a las&nbsp;interacciones&nbsp;sociales y mantener una forma de di\u00e1logo&nbsp;tambi\u00e9n. Entre otros, numerosos, beneficios.<br>Mi postura no es la de un rechazo, es la de un cuestionamiento \u00e9tico, ecol\u00f3gico y de seguridad. Y, a&nbsp;t\u00edtulo&nbsp;personal, la decisi\u00f3n actual de prescindir de ella aqu\u00ed para las tareas que puedo, y disfruto, realizar sin ella.<br><br>Finalmente, me conmueve mucho m\u00e1s la torpeza de las interacciones humanas. La aproximaci\u00f3n, los sesgos de un coraz\u00f3n sensible que intenta expresarse o comunicarse con otro me conmueven, mientras que la m\u00e1quina me impresiona con sus rendimientos&nbsp;sin conmoverme.<\/p>\n\n\n\n<p><\/p>\n","protected":false},"excerpt":{"rendered":"<p>D\u00edgame qu\u00e9 espera, qu\u00e9 necesita, y evaluemos juntos c\u00f3mo puedo intervenir para formarle. Sitio web, contenidos, p\u00f3dcast y formaciones escritas sin inteligencia artificial.\u00danicamente con la ayuda de una dosis de te\u00edna, acompa\u00f1ada de teobromina.Con los ronroneos del Sr. Gato, algunas ojeras cuando la cabeza da demasiadas vueltas por la noche y nos volvemos a levantar [&hellip;]<\/p>\n","protected":false},"author":1,"featured_media":0,"parent":0,"menu_order":0,"comment_status":"closed","ping_status":"closed","template":"","meta":{"footnotes":""},"class_list":["post-1327","page","type-page","status-publish","hentry"],"pbg_featured_image_src":{"full":false,"thumbnail":false,"medium":false,"medium_large":false,"large":false,"1536x1536":false,"2048x2048":false},"pbg_author_info":{"display_name":"admin","author_link":"https:\/\/www.mayaelle.org\/es\/author\/admin\/","author_img":"<img src=\"https:\/\/www.mayaelle.org\/es\/wp-content\/plugins\/profilegrid-user-profiles-groups-and-communities\/public\/\/partials\/images\/admin-default-user.png\" width=\"128\" height=\"128\" class=\"user-profile-image\" \/>"},"pbg_comment_info":" No Comments","pbg_excerpt":"D\u00edgame qu\u00e9 espera, qu\u00e9 necesita, y evaluemos juntos c\u00f3mo puedo intervenir para formarle. Sitio web, contenidos, p\u00f3dcast y formaciones escritas sin inteligencia artificial.\u00danicamente con la ayuda de una dosis de te\u00edna, acompa\u00f1ada de teobromina.Con los ronroneos del Sr. Gato, algunas ojeras cuando la cabeza da demasiadas vueltas por la noche y nos volvemos a levantar&hellip;","_links":{"self":[{"href":"https:\/\/www.mayaelle.org\/es\/wp-json\/wp\/v2\/pages\/1327","targetHints":{"allow":["GET"]}}],"collection":[{"href":"https:\/\/www.mayaelle.org\/es\/wp-json\/wp\/v2\/pages"}],"about":[{"href":"https:\/\/www.mayaelle.org\/es\/wp-json\/wp\/v2\/types\/page"}],"author":[{"embeddable":true,"href":"https:\/\/www.mayaelle.org\/es\/wp-json\/wp\/v2\/users\/1"}],"replies":[{"embeddable":true,"href":"https:\/\/www.mayaelle.org\/es\/wp-json\/wp\/v2\/comments?post=1327"}],"version-history":[{"count":8,"href":"https:\/\/www.mayaelle.org\/es\/wp-json\/wp\/v2\/pages\/1327\/revisions"}],"predecessor-version":[{"id":2950,"href":"https:\/\/www.mayaelle.org\/es\/wp-json\/wp\/v2\/pages\/1327\/revisions\/2950"}],"wp:attachment":[{"href":"https:\/\/www.mayaelle.org\/es\/wp-json\/wp\/v2\/media?parent=1327"}],"curies":[{"name":"wp","href":"https:\/\/api.w.org\/{rel}","templated":true}]}}