{"id":1343,"date":"2025-02-14T16:16:44","date_gmt":"2025-02-14T15:16:44","guid":{"rendered":"https:\/\/www.mayaelle.org\/?page_id=1343"},"modified":"2025-10-28T12:07:12","modified_gmt":"2025-10-28T11:07:12","slug":"milieu-scolaire","status":"publish","type":"page","link":"https:\/\/www.mayaelle.org\/es\/formations\/milieu-scolaire\/","title":{"rendered":"Entorno escolar"},"content":{"rendered":"\n<p><\/p>\n\n\n\n<p>Quince a\u00f1os de di\u00e1logo con docentes, equipos de direcci\u00f3n, psic\u00f3logos escolares, dan un poco de experiencia pr\u00e1ctica.<br>Mi actividad en la asociaci\u00f3n francesa PBZ (mariposas azules) a\u00fan m\u00e1s.<br>Y mis estudios como par-ayudante\u00a0familiar me han abierto contactos valiosos, para ayudar a entender lo importante, y a favorecer el di\u00e1logo.<\/p>\n\n\n\n<p>Tuve el placer de animar, en mi calidad de presidente de asociaci\u00f3n, en marzo de 2025, una conferencia frente a un p\u00fablico de docentes, sobre el tema \u00abHablar con padres de alumnos con necesidades educativas especiales: puntos de vista de las familias de ni\u00f1os con TEA y Alta Capacidad Intelectual\u00bb.<\/p>\n\n\n\n<p>Tambi\u00e9n estoy trabajando en una serie de webinarios cortos sobre el tema \u00abLos alumnos autistas con alto potencial intelectual\u00bb.<\/p>\n","protected":false},"excerpt":{"rendered":"<p>Quince a\u00f1os de di\u00e1logo con docentes, equipos de direcci\u00f3n, psic\u00f3logos escolares, dan un poco de experiencia pr\u00e1ctica.Mi actividad en la asociaci\u00f3n francesa PBZ (mariposas azules) a\u00fan m\u00e1s.Y mis estudios como par-ayudante\u00a0familiar me han abierto contactos valiosos, para ayudar a entender lo importante, y a favorecer el di\u00e1logo. Tuve el placer de animar, en mi calidad [&hellip;]<\/p>\n","protected":false},"author":1,"featured_media":0,"parent":1327,"menu_order":0,"comment_status":"closed","ping_status":"closed","template":"","meta":{"footnotes":""},"class_list":["post-1343","page","type-page","status-publish","hentry"],"pbg_featured_image_src":{"full":false,"thumbnail":false,"medium":false,"medium_large":false,"large":false,"1536x1536":false,"2048x2048":false},"pbg_author_info":{"display_name":"admin","author_link":"https:\/\/www.mayaelle.org\/es\/author\/admin\/","author_img":"<img src=\"https:\/\/www.mayaelle.org\/es\/wp-content\/plugins\/profilegrid-user-profiles-groups-and-communities\/public\/\/partials\/images\/admin-default-user.png\" width=\"128\" height=\"128\" class=\"user-profile-image\" \/>"},"pbg_comment_info":" No Comments","pbg_excerpt":"Quince a\u00f1os de di\u00e1logo con docentes, equipos de direcci\u00f3n, psic\u00f3logos escolares, dan un poco de experiencia pr\u00e1ctica.Mi actividad en la asociaci\u00f3n francesa PBZ (mariposas azules) a\u00fan m\u00e1s.Y mis estudios como par-ayudante\u00a0familiar me han abierto contactos valiosos, para ayudar a entender lo importante, y a favorecer el di\u00e1logo. Tuve el placer de animar, en mi calidad&hellip;","_links":{"self":[{"href":"https:\/\/www.mayaelle.org\/es\/wp-json\/wp\/v2\/pages\/1343","targetHints":{"allow":["GET"]}}],"collection":[{"href":"https:\/\/www.mayaelle.org\/es\/wp-json\/wp\/v2\/pages"}],"about":[{"href":"https:\/\/www.mayaelle.org\/es\/wp-json\/wp\/v2\/types\/page"}],"author":[{"embeddable":true,"href":"https:\/\/www.mayaelle.org\/es\/wp-json\/wp\/v2\/users\/1"}],"replies":[{"embeddable":true,"href":"https:\/\/www.mayaelle.org\/es\/wp-json\/wp\/v2\/comments?post=1343"}],"version-history":[{"count":10,"href":"https:\/\/www.mayaelle.org\/es\/wp-json\/wp\/v2\/pages\/1343\/revisions"}],"predecessor-version":[{"id":2825,"href":"https:\/\/www.mayaelle.org\/es\/wp-json\/wp\/v2\/pages\/1343\/revisions\/2825"}],"up":[{"embeddable":true,"href":"https:\/\/www.mayaelle.org\/es\/wp-json\/wp\/v2\/pages\/1327"}],"wp:attachment":[{"href":"https:\/\/www.mayaelle.org\/es\/wp-json\/wp\/v2\/media?parent=1343"}],"curies":[{"name":"wp","href":"https:\/\/api.w.org\/{rel}","templated":true}]}}