{"id":1355,"date":"2025-02-14T16:42:25","date_gmt":"2025-02-14T15:42:25","guid":{"rendered":"https:\/\/www.mayaelle.org\/?page_id=1355"},"modified":"2025-12-01T11:38:37","modified_gmt":"2025-12-01T10:38:37","slug":"guidance-parentale","status":"publish","type":"page","link":"https:\/\/www.mayaelle.org\/es\/seances\/guidance-parentale\/","title":{"rendered":"Orientaci\u00f3n parental"},"content":{"rendered":"\n<h2 class=\"wp-block-heading\">Ser fuerte, es pedir ayuda<\/h2>\n\n\n\n<p><br><br>TESTIMONIO<br>\u00abLa orientaci\u00f3n parental me abri\u00f3 los ojos. Al principio cada dos semanas, luego seg\u00fan la necesidad, pod\u00eda explicar las situaciones, c\u00f3mo me sent\u00eda, lo que ve\u00eda. Y ella me descifraba las cosas, me explicaba por qu\u00e9 hab\u00edamos llegado a ese punto, me propon\u00eda alternativas.&nbsp;<br>Por fin ten\u00eda claves de lectura, me abri\u00f3 los ojos sobre lo que viv\u00eda mi hija. Me sent\u00ed una mejor madre, porque finalmente, entend\u00eda mi hija y pod\u00eda actuar. Esto alivio nuestras relaciones, hizo que mi hijoase sintiera seguro, y recuper\u00e9 confianza en m\u00ed.\u00bb<br><br><br>\u00bfPOR QU\u00c9?<br>Romper el aislamiento v\u00eda un espacio de palabra seguro, coger en cuenta la experiencia de los padres, desciframiento de las situaciones y los desaf\u00edos, consejos, proposici\u00f3n de enfoques diferentes, seguimiento, apoyo, acompa\u00f1amiento.<br>Hablamos relaciones entre los hermanos, autonom\u00eda y adquisici\u00f3n, comportamiento, comunicaci\u00f3n, confianza en s\u00ed, empoderamiento de las familias, di\u00e1logo con los seres queridos y los profesionales.<br>Tambi\u00e9n podemos abordar la vida \u00edntima y afectiva u otros temas no siempre f\u00e1ciles de abordar con un profesional en estructura.<br><br><br>\u00bfEXACTAMENTE QU\u00c9?<br>Escuchar, luego informaci\u00f3n y formaci\u00f3n de los padres sobre estrategias educativas personalizadas en funci\u00f3n de su familia.<br>Con el objetivo de simplificar las cosas comprendi\u00e9ndolas, para favorecer la calidad de vida de los padres y del nin@, disminuir las dificultades del cotidiano.<br><br><br>LA PROPUESTA<br>&#8211; Sesi\u00f3n de 50 minutos aproximadamente, individual o en pareja.<br>&#8211; Antes de la primera sesi\u00f3n, aprecio que me env\u00ede un correo electr\u00f3nico de presentaci\u00f3n para mejor prepararme al contexto.<br>&#8211; Durante la sesi\u00f3n en presencial o en videollamada, el formato es flexible. Pod\u00e9is hablar primero o no.<br>&#8211; En caso de videollamada, la c\u00e1mara es necesaria para la introducci\u00f3n, luego pod\u00e9is apagarla.<br>&#8211; No hay compromiso, hac\u00e9is la o las sesiones que necesit\u00e9is.<br>&#8211; Antes o despu\u00e9s de cada sesi\u00f3n, sois libres de enviarme un correo para expresar vuestra experiencia o hacer preguntas.<br><br><br>EL VALOR<br>64\u20ac IVA incluido (21% de IVA incluido) por sesi\u00f3n.<\/p>\n\n\n\n<p><a href=\"https:\/\/calendly.com\/hello-mayaelle\/decouverte?month=2025-10\" data-type=\"link\" data-id=\"https:\/\/calendly.com\/hello-mayaelle\/decouverte?month=2025-10\" target=\"_blank\" rel=\"noreferrer noopener\">Reservar mi sesi\u00f3n descubrimiento 20 min gratuita<\/a><\/p>\n\n\n\n<p><a href=\"https:\/\/calendly.com\/hello-mayaelle\/seance?month=2025-10\" target=\"_blank\" rel=\"noreferrer noopener\">Reservar mi sesi\u00f3n de 50 minutos<\/a><\/p>\n\n\n\n<p><a href=\"https:\/\/calendly.com\/hello-mayaelle\/seance-clone\" target=\"_blank\" rel=\"noreferrer noopener\">Reservar mi sesi\u00f3n a mitad de precio<\/a><\/p>\n\n\n\n<p><a href=\"https:\/\/calendly.com\/hello-mayaelle\/seance-a-prix-soutien\" target=\"_blank\" rel=\"noreferrer noopener\">Reservar mi sesi\u00f3n con precio de apoyo para otra persona<\/a><br><br><br>OTROS LUGARES PARA LA ORIENTACI\u00d3N PARENTAL (fr)<br><a href=\"https:\/\/www.autisme-ressources-lr.fr\/familles\/guidance-parentale\" rel=\"noopener\">Orientaci\u00f3n parental<\/a><br>Recursos y seminarios web <a href=\"https:\/\/hapyk.com\" rel=\"noopener\">Hapyk <\/a><br><a href=\"https:\/\/aspieconseil.com\/livres-de-jean-philippe-piat\/\" rel=\"noopener\">Gu\u00eda de supervivencia de la persona autista<\/a> Jean-Philippe Piat<br>P\u00f3dcast <a href=\"https:\/\/www.mayaelle.org\/blog\/2024\/02\/17\/la-fatigue-des-personnes-autistes-reelle-ou-surjouee\/\">La fatigabilidad<\/a><br>Formaci\u00f3n y recursos <a href=\"https:\/\/www.ideereka.com\/?s=parentalit\u00e9\" rel=\"noopener\">Ideereka<\/a><br><a href=\"https:\/\/autisme-parents-autonomes.my.canva.site\" rel=\"noopener\">S\u00e9verine Chapuy<\/a> sesi\u00f3n y consejos basados \u200b\u200ben sus v\u00eddeos<br><a href=\"https:\/\/ctcce.fr\/aurelie-cretin\/\" rel=\"noopener\">Aur\u00e9lie Cr\u00e9tin<\/a> TTC para ni\u00f1os con TND<br><a href=\"https:\/\/annuaire.autismeinfoservice.fr\/fiche\/details\/id:3956\/\" rel=\"noopener\">Astrid Kremmer<\/a> TEA API TND TDAH perfil sensorial, acompa\u00f1amiento<br><a href=\"https:\/\/www.mayaelle.org\/seances\/audit-entreprise\/\" data-type=\"page\" data-id=\"1750\">Ser hermana o hermano de una persona en situaci\u00f3n de discapacidad <\/a><br><a href=\"https:\/\/centre-ressource-rehabilitation.org\/c2r\" rel=\"noopener\">CR2<\/a> evaluaci\u00f3n de trastornos asociados y comorbilidades, psicoeducaci\u00f3n, entrenamiento a las habilidades sociales<\/p>\n\n\n\n<p><br>M\u00c1S INFORMACI\u00d3N <br>Muchas familias con nin@s autistas o portadores de discapacidad, de trastornos psiqui\u00e1tricos o de diferencias tienen la cabeza bajo el agua.<br>La mayor\u00eda del tiempo, los ayudadores no son ayudados, y a menudo demasiado poco escuchados.<br>Una familia ayudada, es un nin@ o un joven que se recupera m\u00e1s r\u00e1pidamente.<br>Una familia ignorada, es a menudo la entrada hacia los tratamientos por la crisis del joven, por la puerta de urgencias, o incluso tratamientos u hospitalizaciones sin consentimiento.<br>Escuchar y apoyar a las familias es una prioridad, para favorecer el restablecimiento y evitar que la situaci\u00f3n del joven empeore.<br><br>Seamos claros, los padres no son la causa de un autismo, de un TDAH, o de ning\u00fan otro trastorno del neurodesarrollo. No se trata en absoluto de culparlos, cuestionarlos o, como lamentablemente se ha repetido durante a\u00f1os, se\u00f1alar con el dedo a una madre que es \u00abdemasiado o insuficiente\u00bb y un padre ausente.<br>No, orientar a los padres, definitivamente no consiste en intentar educarlos para hacer mejor.<br>Eso s\u00ed, los padres son actores clave en el desarrollo de su nin@, y es aqu\u00ed donde la orientaci\u00f3n parental, como una forma de descodificaci\u00f3n de las situaciones, puede ofrecerles perspectivas interesantes y herramientas para su&nbsp;parentalidad. Que ejercen como deseen, como pueden, seg\u00fan su personalidad y su historia. <br><br>Cada familia escribir\u00e1 la suya.<br>La orientaci\u00f3n parental solo es una propuesta de rotuladores, l\u00e1pices, plumas y bol\u00edgrafos.<\/p>\n\n\n\n<p><\/p>\n\n\n\n<p><br>LA SITUACI\u00d3N DEL JOVEN<br>La persona que se siente derrotada por el dolor, la fatiga, la tristeza, los fracasos, atrapada en su dolor, impotente ante su realidad frente a una ausencia de opciones, sin escapatoria frente al estr\u00e9s y la ansiedad, suele ser aplastada por esta carga y verse sin salida, con una inmensa dificultad para proyectarse hacia un futuro m\u00e1s tranquilo.<br>El sentimiento de no tener ning\u00fan control sobre su vida o su estado es extremadamente doloroso.<br>La mayor\u00eda del tiempo, la verg\u00fcenza abruma al ni\u00f1@ o al joven.<br>Y se sienten ileg\u00edtimos a pedir otra vez ayuda.<br>Comportamientos de desaf\u00edo, o de encerramiento pueden aparecer.<br>Ideas suicidar\u00edas tambi\u00e9n pueden ser presentes.&nbsp;<br>En general, la persona no desea dejar de vivir, sino que desea dejar de sufrir.<br>Su dolor, del cuerpo y mental, es real, y a tener en cuenta.<br><br>La persona necesita apoyo discreto, estar bien rodeada. <br>En un periodo de crisis, no es el momento de hablar o de intentar construir un proyecto con nuestro hij@. <br>En un periodo de crisis, nuestro papel como padres es cu\u00e1druple: <br>&#8211; Responder a las necesidades primarias<br>&#8211; Seguridad f\u00edsica y emocional <br>&#8211; Estar cerca y presente<br>&#8211; Aguantar y sostener<br>&#8211; Callarse&nbsp;(!)<br><br>No os qued\u00e9is solos como padres o seres queridos, y si vosotros mismos est\u00e1is afectados, no os qued\u00e9is solos. Vuestro sufrimiento es real, poder hablar de ello y recibir apoyo sin ser juzgado es importante. Ten\u00e9is derecho a ello. <br>En la p\u00e1gina de recursos, encontrar\u00e9is diversas pistas y lugares recursos.<\/p>\n\n\n\n<p>Estos consejos no sustituyen la opini\u00f3n de un profesional de la salud.<\/p>\n\n\n\n<p><\/p>\n\n\n\n<p><\/p>\n\n\n\n<p><\/p>\n\n\n\n<p><\/p>\n\n\n\n<p><\/p>\n\n\n\n<p><\/p>\n\n\n\n<p><\/p>\n","protected":false},"excerpt":{"rendered":"<p>Ser fuerte, es pedir ayuda TESTIMONIO\u00abLa orientaci\u00f3n parental me abri\u00f3 los ojos. Al principio cada dos semanas, luego seg\u00fan la necesidad, pod\u00eda explicar las situaciones, c\u00f3mo me sent\u00eda, lo que ve\u00eda. Y ella me descifraba las cosas, me explicaba por qu\u00e9 hab\u00edamos llegado a ese punto, me propon\u00eda alternativas.&nbsp;Por fin ten\u00eda claves de lectura, me [&hellip;]<\/p>\n","protected":false},"author":1,"featured_media":0,"parent":1329,"menu_order":0,"comment_status":"closed","ping_status":"closed","template":"","meta":{"footnotes":""},"class_list":["post-1355","page","type-page","status-publish","hentry"],"pbg_featured_image_src":{"full":false,"thumbnail":false,"medium":false,"medium_large":false,"large":false,"1536x1536":false,"2048x2048":false},"pbg_author_info":{"display_name":"admin","author_link":"https:\/\/www.mayaelle.org\/es\/author\/admin\/","author_img":"<img src=\"https:\/\/www.mayaelle.org\/es\/wp-content\/plugins\/profilegrid-user-profiles-groups-and-communities\/public\/\/partials\/images\/admin-default-user.png\" width=\"128\" height=\"128\" class=\"user-profile-image\" \/>"},"pbg_comment_info":" No Comments","pbg_excerpt":"Ser fuerte, es pedir ayuda TESTIMONIO\u00abLa orientaci\u00f3n parental me abri\u00f3 los ojos. Al principio cada dos semanas, luego seg\u00fan la necesidad, pod\u00eda explicar las situaciones, c\u00f3mo me sent\u00eda, lo que ve\u00eda. Y ella me descifraba las cosas, me explicaba por qu\u00e9 hab\u00edamos llegado a ese punto, me propon\u00eda alternativas.&nbsp;Por fin ten\u00eda claves de lectura, me&hellip;","_links":{"self":[{"href":"https:\/\/www.mayaelle.org\/es\/wp-json\/wp\/v2\/pages\/1355","targetHints":{"allow":["GET"]}}],"collection":[{"href":"https:\/\/www.mayaelle.org\/es\/wp-json\/wp\/v2\/pages"}],"about":[{"href":"https:\/\/www.mayaelle.org\/es\/wp-json\/wp\/v2\/types\/page"}],"author":[{"embeddable":true,"href":"https:\/\/www.mayaelle.org\/es\/wp-json\/wp\/v2\/users\/1"}],"replies":[{"embeddable":true,"href":"https:\/\/www.mayaelle.org\/es\/wp-json\/wp\/v2\/comments?post=1355"}],"version-history":[{"count":29,"href":"https:\/\/www.mayaelle.org\/es\/wp-json\/wp\/v2\/pages\/1355\/revisions"}],"predecessor-version":[{"id":2954,"href":"https:\/\/www.mayaelle.org\/es\/wp-json\/wp\/v2\/pages\/1355\/revisions\/2954"}],"up":[{"embeddable":true,"href":"https:\/\/www.mayaelle.org\/es\/wp-json\/wp\/v2\/pages\/1329"}],"wp:attachment":[{"href":"https:\/\/www.mayaelle.org\/es\/wp-json\/wp\/v2\/media?parent=1355"}],"curies":[{"name":"wp","href":"https:\/\/api.w.org\/{rel}","templated":true}]}}