{"id":1372,"date":"2025-02-14T16:46:47","date_gmt":"2025-02-14T15:46:47","guid":{"rendered":"https:\/\/www.mayaelle.org\/?page_id=1372"},"modified":"2025-12-01T11:50:39","modified_gmt":"2025-12-01T10:50:39","slug":"programme-sur-3-mois-dont-2-semaines-en-presentiel","status":"publish","type":"page","link":"https:\/\/www.mayaelle.org\/es\/programme-jeunes\/programme-sur-3-mois-dont-2-semaines-en-presentiel\/","title":{"rendered":"Programa de 3 meses, con 2 semanas en presencial"},"content":{"rendered":"\n<h4 class=\"wp-block-heading\"><em>La recuperaci\u00f3n, es&nbsp;construir un proyecto sobre la base de sus deseos, sue\u00f1os, y su propia realidad<\/em><\/h4>\n\n\n\n<p><br><\/p>\n\n\n\n<p class=\"has-text-align-center\"><\/p>\n\n\n\n<p><em>En construcci\u00f3n. En lazo con profesionales de la salud, este proyecto sobre el cual trabajo desde 2023 es lo que hubiera so\u00f1ado encontrar para mis hijos y los j\u00f3venes que codeo.<br>Actualmente, a\u00fan no est\u00e1 determinado si se har\u00e1 de forma privada, asociativa, o dentro del sistema p\u00fablico.<br><br>El lanzamiento est\u00e1 esperado para finales de 2025.<\/em><\/p>\n\n\n\n<p>LA RECUPERACI\u00d3N:<\/p>\n\n\n\n<ul class=\"wp-block-list\">\n<li>Es mejor conocerse<\/li>\n\n\n\n<li>Para aceptarte con sus l\u00edmites y sus fortalezas<\/li>\n\n\n\n<li>Avanzar en autonom\u00eda<\/li>\n\n\n\n<li>Tejer lazos con sus pares<\/li>\n\n\n\n<li>Tener deseos y las herramientas para realizarlos<\/li>\n\n\n\n<li>Conservar sus fuerzas para limitar las ca\u00eddas<\/li>\n\n\n\n<li>Saber a qui\u00e9n recurrir cuando no se est\u00e1 bien<\/li>\n\n\n\n<li>Hacer las paces con su historia, encontrarle sentido<\/li>\n\n\n\n<li>Sentirse \u00fatil<\/li>\n<\/ul>\n\n\n\n<p>En el sitio web de los <a href=\"https:\/\/centre-ressource-rehabilitation.org\" rel=\"noopener\">Centros de rehabilitaci\u00f3n<\/a> franceses, encontrar\u00e1 diferentes estructuras que ofrecen talleres y programas.<\/p>\n\n\n\n<p><\/p>\n\n\n\n<p><\/p>\n\n\n\n<p><\/p>\n","protected":false},"excerpt":{"rendered":"<p>La recuperaci\u00f3n, es&nbsp;construir un proyecto sobre la base de sus deseos, sue\u00f1os, y su propia realidad En construcci\u00f3n. En lazo con profesionales de la salud, este proyecto sobre el cual trabajo desde 2023 es lo que hubiera so\u00f1ado encontrar para mis hijos y los j\u00f3venes que codeo.Actualmente, a\u00fan no est\u00e1 determinado si se har\u00e1 de [&hellip;]<\/p>\n","protected":false},"author":1,"featured_media":0,"parent":1368,"menu_order":0,"comment_status":"closed","ping_status":"closed","template":"","meta":{"footnotes":""},"class_list":["post-1372","page","type-page","status-publish","hentry"],"pbg_featured_image_src":{"full":false,"thumbnail":false,"medium":false,"medium_large":false,"large":false,"1536x1536":false,"2048x2048":false},"pbg_author_info":{"display_name":"admin","author_link":"https:\/\/www.mayaelle.org\/es\/author\/admin\/","author_img":"<img src=\"https:\/\/www.mayaelle.org\/es\/wp-content\/plugins\/profilegrid-user-profiles-groups-and-communities\/public\/\/partials\/images\/admin-default-user.png\" width=\"128\" height=\"128\" class=\"user-profile-image\" \/>"},"pbg_comment_info":" No Comments","pbg_excerpt":"La recuperaci\u00f3n, es&nbsp;construir un proyecto sobre la base de sus deseos, sue\u00f1os, y su propia realidad En construcci\u00f3n. En lazo con profesionales de la salud, este proyecto sobre el cual trabajo desde 2023 es lo que hubiera so\u00f1ado encontrar para mis hijos y los j\u00f3venes que codeo.Actualmente, a\u00fan no est\u00e1 determinado si se har\u00e1 de&hellip;","_links":{"self":[{"href":"https:\/\/www.mayaelle.org\/es\/wp-json\/wp\/v2\/pages\/1372","targetHints":{"allow":["GET"]}}],"collection":[{"href":"https:\/\/www.mayaelle.org\/es\/wp-json\/wp\/v2\/pages"}],"about":[{"href":"https:\/\/www.mayaelle.org\/es\/wp-json\/wp\/v2\/types\/page"}],"author":[{"embeddable":true,"href":"https:\/\/www.mayaelle.org\/es\/wp-json\/wp\/v2\/users\/1"}],"replies":[{"embeddable":true,"href":"https:\/\/www.mayaelle.org\/es\/wp-json\/wp\/v2\/comments?post=1372"}],"version-history":[{"count":6,"href":"https:\/\/www.mayaelle.org\/es\/wp-json\/wp\/v2\/pages\/1372\/revisions"}],"predecessor-version":[{"id":2958,"href":"https:\/\/www.mayaelle.org\/es\/wp-json\/wp\/v2\/pages\/1372\/revisions\/2958"}],"up":[{"embeddable":true,"href":"https:\/\/www.mayaelle.org\/es\/wp-json\/wp\/v2\/pages\/1368"}],"wp:attachment":[{"href":"https:\/\/www.mayaelle.org\/es\/wp-json\/wp\/v2\/media?parent=1372"}],"curies":[{"name":"wp","href":"https:\/\/api.w.org\/{rel}","templated":true}]}}