{"id":1399,"date":"2025-02-14T17:53:34","date_gmt":"2025-02-14T16:53:34","guid":{"rendered":"https:\/\/www.mayaelle.org\/?page_id=1399"},"modified":"2025-11-17T13:09:34","modified_gmt":"2025-11-17T12:09:34","slug":"rendez-vous","status":"publish","type":"page","link":"https:\/\/www.mayaelle.org\/es\/rendez-vous\/","title":{"rendered":"PEDIR HORA y CONTACTO"},"content":{"rendered":"\n<p><\/p>\n\n\n\n<p>Telefono: 606 28 10 79<br>Correo electr\u00f3nico: hello@mayaelle.org<\/p>\n\n\n\n<p>Ya\u00eblle Maya Zoller &#8211; 17494 Pau &#8211; Girona &#8211; ES<\/p>\n\n\n\n<p class=\"has-heading-font-family\" style=\"font-size:clamp(0.875rem, 0.875rem + ((1vw - 0.2rem) * 0.708), 1.3rem);\"><br><\/p>\n\n\n\n<p><strong>DESCUBRIMIENTO<\/strong> \u2013 20 minutos, gratis y sin compromiso<br><em>L\u00edmite a una sesi\u00f3n de descubrimiento por persona<\/em>.<\/p>\n\n\n\n<p><a href=\"https:\/\/calendly.com\/hello-mayaelle\/decouverte\" rel=\"noopener\">https:\/\/calendly.com\/hello-mayaelle\/decouverte<\/a><\/p>\n\n\n\n<p><br><\/p>\n\n\n\n<p><strong>ACOMPA\u00d1AMIENTO<\/strong> \u2013 50 minutos, 64\u20ac<br><em>Individual, o par-ayudante, u orientaci\u00f3n parental<\/em>.<\/p>\n\n\n\n<p><a href=\"https:\/\/calendly.com\/hello-mayaelle\/seance\" rel=\"noopener\">https:\/\/calendly.com\/hello-mayaelle\/seance<\/a><\/p>\n\n\n\n<p><br><\/p>\n\n\n\n<p><strong>TALLER \u00abPONER L\u00cdMITES, DECIR NO\u00bb<\/strong> \u2013 90 minutos, 18\u20ac<br><em>Un taller pr\u00e1ctico, en un ambiente seguro y l\u00fadico, para practicar la asertividad, poner l\u00edmites respet\u00e1ndose a uno mismo, siendo respetado, y respetando al otro<\/em>.<\/p>\n\n\n\n<p><a href=\"https:\/\/calendly.com\/hello-mayaelle\/atelier-poser-ses-limites-dire-non\" rel=\"noopener\">https:\/\/calendly.com\/hello-mayaelle\/atelier-poser-ses-limites-dire-non<\/a><\/p>\n\n\n\n<p><br><\/p>\n\n\n\n<p><strong>PACK 5 SESIONES DE ACOMPA\u00d1AMIENTO<\/strong> \u2013 50 minutos, 295\u20ac, o sea 59\u20ac\/sesi\u00f3n<br><em>Individual, o par-ayudante, u orientaci\u00f3n parental.<br>Usted fija su ritmo para las sesiones, su plaza est\u00e1 reservada<\/em>.<\/p>\n\n\n\n<p><a href=\"https:\/\/calendly.com\/hello-mayaelle\/seance-clone-1\" rel=\"noopener\">https:\/\/calendly.com\/hello-mayaelle\/seance-clone-1<\/a><\/p>\n\n\n\n<p><br><\/p>\n\n\n\n<div class=\"wp-block-group is-layout-grid wp-container-core-group-is-layout-478b6e6b wp-block-group-is-layout-grid\">\n<p>\u00bfQuiere pagar por transferencia?<br>\u00bfMover o cancelar una cita?<br>\u00bfFraccionar su pago?<br>Cont\u00e1cteme por WhatsApp al 606 28 10 79<\/p>\n\n\n\n<p>Por cada cita perdida sin aviso, deber\u00e1 traer una caja de bombones de calidad.<br>Por razones de salud y para no enfadarme con mi m\u00e9dico, el seguimiento ya no ser\u00e1 posible a partir de dos cajas de bombones.<br>A menos que mi familia me ayude a comerlos. Gracias por su comprensi\u00f3n. \ud83d\ude09<\/p>\n<\/div>\n\n\n\n<p><\/p>\n\n\n\n<p><\/p>\n\n\n\n<p><\/p>\n\n\n\n<p><\/p>\n\n\n\n<p><\/p>\n\n\n\n<p><\/p>\n\n\n\n<p><\/p>\n\n\n\n<p><\/p>\n\n\n\n<p><\/p>\n\n\n\n<p><\/p>\n","protected":false},"excerpt":{"rendered":"<p>Telefono: 606 28 10 79Correo electr\u00f3nico: hello@mayaelle.org Ya\u00eblle Maya Zoller &#8211; 17494 Pau &#8211; Girona &#8211; ES DESCUBRIMIENTO \u2013 20 minutos, gratis y sin compromisoL\u00edmite a una sesi\u00f3n de descubrimiento por persona. https:\/\/calendly.com\/hello-mayaelle\/decouverte ACOMPA\u00d1AMIENTO \u2013 50 minutos, 64\u20acIndividual, o par-ayudante, u orientaci\u00f3n parental. https:\/\/calendly.com\/hello-mayaelle\/seance TALLER \u00abPONER L\u00cdMITES, DECIR NO\u00bb \u2013 90 minutos, 18\u20acUn taller pr\u00e1ctico, [&hellip;]<\/p>\n","protected":false},"author":1,"featured_media":0,"parent":0,"menu_order":0,"comment_status":"closed","ping_status":"closed","template":"","meta":{"footnotes":""},"class_list":["post-1399","page","type-page","status-publish","hentry"],"pbg_featured_image_src":{"full":false,"thumbnail":false,"medium":false,"medium_large":false,"large":false,"1536x1536":false,"2048x2048":false},"pbg_author_info":{"display_name":"admin","author_link":"https:\/\/www.mayaelle.org\/es\/author\/admin\/","author_img":"<img src=\"https:\/\/www.mayaelle.org\/es\/wp-content\/plugins\/profilegrid-user-profiles-groups-and-communities\/public\/\/partials\/images\/admin-default-user.png\" width=\"128\" height=\"128\" class=\"user-profile-image\" \/>"},"pbg_comment_info":" No Comments","pbg_excerpt":"Telefono: 606 28 10 79Correo electr\u00f3nico: hello@mayaelle.org Ya\u00eblle Maya Zoller &#8211; 17494 Pau &#8211; Girona &#8211; ES DESCUBRIMIENTO \u2013 20 minutos, gratis y sin compromisoL\u00edmite a una sesi\u00f3n de descubrimiento por persona. https:\/\/calendly.com\/hello-mayaelle\/decouverte ACOMPA\u00d1AMIENTO \u2013 50 minutos, 64\u20acIndividual, o par-ayudante, u orientaci\u00f3n parental. https:\/\/calendly.com\/hello-mayaelle\/seance TALLER \u00abPONER L\u00cdMITES, DECIR NO\u00bb \u2013 90 minutos, 18\u20acUn taller pr\u00e1ctico,&hellip;","_links":{"self":[{"href":"https:\/\/www.mayaelle.org\/es\/wp-json\/wp\/v2\/pages\/1399","targetHints":{"allow":["GET"]}}],"collection":[{"href":"https:\/\/www.mayaelle.org\/es\/wp-json\/wp\/v2\/pages"}],"about":[{"href":"https:\/\/www.mayaelle.org\/es\/wp-json\/wp\/v2\/types\/page"}],"author":[{"embeddable":true,"href":"https:\/\/www.mayaelle.org\/es\/wp-json\/wp\/v2\/users\/1"}],"replies":[{"embeddable":true,"href":"https:\/\/www.mayaelle.org\/es\/wp-json\/wp\/v2\/comments?post=1399"}],"version-history":[{"count":12,"href":"https:\/\/www.mayaelle.org\/es\/wp-json\/wp\/v2\/pages\/1399\/revisions"}],"predecessor-version":[{"id":2925,"href":"https:\/\/www.mayaelle.org\/es\/wp-json\/wp\/v2\/pages\/1399\/revisions\/2925"}],"wp:attachment":[{"href":"https:\/\/www.mayaelle.org\/es\/wp-json\/wp\/v2\/media?parent=1399"}],"curies":[{"name":"wp","href":"https:\/\/api.w.org\/{rel}","templated":true}]}}