{"id":2426,"date":"2024-01-22T18:29:49","date_gmt":"2024-01-22T17:29:49","guid":{"rendered":"https:\/\/www.mayaelle.org\/?page_id=3"},"modified":"2025-10-01T18:03:39","modified_gmt":"2025-10-01T16:03:39","slug":"politique-de-confidentialite","status":"publish","type":"page","link":"https:\/\/www.mayaelle.org\/es\/politique-de-confidentialite\/","title":{"rendered":"Pol\u00edtica de privacidad"},"content":{"rendered":"\n<h2 class=\"wp-block-heading\">\u00bfQui\u00e9nes somos?<\/h2>\n\n\n\n<p>La direcci\u00f3n de nuestro sitio es: https:\/\/www.mayaelle.org\/es<br><br><\/p>\n\n\n\n<p>Comentarios<\/p>\n\n\n\n<p>Cuando dejas un comentario en nuestro sitio, los datos registrados en el formulario de comentario, as\u00ed como tu direcci\u00f3n IP y el agente de usuario de tu navegador, se recopilan para ayudarnos a detectar comentarios no deseados.<\/p>\n\n\n\n<p>Una cadena anonimizada creada a partir de tu direcci\u00f3n de correo electr\u00f3nico (tambi\u00e9n llamada hash) puede ser enviada al servicio Gravatar para verificar si lo utilizas. Las cl\u00e1usulas de privacidad del servicio Gravatar est\u00e1n disponibles aqu\u00ed: https:\/\/automattic.com\/privacy\/. Despu\u00e9s de validar tu comentario, tu foto de perfil ser\u00e1 visible p\u00fablicamente junto a tu comentario.<\/p>\n\n\n\n<p><\/p>\n\n\n\n<p>Cookies\ufeff<br>Si dejas un comentario en nuestro sitio, se te ofrecer\u00e1 guardar tu nombre, direcci\u00f3n de correo electr\u00f3nico y sitio en cookies. Esto es \u00fanicamente para tu comodidad para no tener que ingresar esta informaci\u00f3n si dejas otro comentario m\u00e1s tarde. Estas cookies expiran despu\u00e9s de un a\u00f1o.<br>Si visitas la p\u00e1gina de inicio de sesi\u00f3n, se crear\u00e1 una cookie temporal para determinar si tu navegador acepta cookies. No contiene datos personales y se eliminar\u00e1 autom\u00e1ticamente al cerrar el navegador.<br>Cuando inicies sesi\u00f3n, ponemos en marcha varias cookies para guardar tu informaci\u00f3n de inicio de sesi\u00f3n y preferencias de pantalla. La duraci\u00f3n de una cookie de inicio de sesi\u00f3n es de dos d\u00edas, la duraci\u00f3n de una cookie de preferencia de pantalla es de un a\u00f1o. Si marcas \u00abRecordarme\u00bb, la cookie de inicio de sesi\u00f3n se conservar\u00e1 durante dos semanas. Si cierras sesi\u00f3n, la cookie se eliminar\u00e1.<\/p>\n\n\n\n<p><\/p>\n\n\n\n<p>Datos recopilados:\ufeff<br>Solo recopilamos los datos necesarios para:\ufeff<br>La gesti\u00f3n de pedidos\ufeff<br>La gesti\u00f3n de citas\ufeff<br>La mejora de la experiencia de usuario en el sitio a trav\u00e9s de las cookies\ufeff<br>Los tipos de datos que podemos recopilar incluyen:\ufeff<br>Nombre y apellido\ufeff<br>Direcci\u00f3n de correo electr\u00f3nico\ufeff<br>Direcci\u00f3n postal\ufeff<br>N\u00famero de tel\u00e9fono (si aplica)\ufeff<br>Datos de navegaci\u00f3n (a trav\u00e9s de cookies)\ufeff<\/p>\n\n\n\n<p>Nuestro sitio contiene cookies emitidas por terceros detalladas en la siguiente tabla:<\/p>\n\n\n\n<p>\u200b<\/p>\n\n\n\n<p><\/p>\n\n\n\n<p>Notre Site contient des cookies \u00e9mis par des tiers d\u00e9taill\u00e9s dans le tableau ci-dessous :<\/p>\n\n\n\n<figure class=\"wp-block-table is-style-stripes\"><table><tbody><tr><td><strong>Nombre bruto de la cookie<\/strong><\/td><td><strong>Nombre commun de la cookie<\/strong><\/td><td><strong>Finalidades<\/strong><\/td><td><strong>Editor de la cookie<\/strong><\/td><td><strong><strong>Duraci\u00f3n de conservaci\u00f3n<\/strong><\/strong><\/td><\/tr><tr><td>axeptio_all_vendors ;<br>axeptio_authorized_vendors ;<br>axeptio_cookies<\/td><td>Axeptio<\/td><td>Cookies n\u00e9cessaires au consentement ou du refus des cookies, par le prestataire Axeptio<\/td><td><a href=\"https:\/\/www.axeptio.eu\/fr\/cgu\" target=\"_blank\" rel=\"noreferrer noopener\">Axeptio<\/a><\/td><td>12 mois<\/td><\/tr><tr><td>1P_JAR<\/td><td>Youtube<\/td><td>Ces cookies sont param\u00e9tr\u00e9s via les vid\u00e9os YouTube int\u00e9gr\u00e9es. Ils enregistrent des donn\u00e9es statistiques anonymes sur,par exemple, le nombre d&#8217;affichages de la vid\u00e9o et les param\u00e8tres utilis\u00e9s pour la lecture. Aucune donn\u00e9e sensible n&#8217;est collect\u00e9e, sauf si vous vous connectez \u00e0 votre compte Google. Dans ce cas, vos choix sont li\u00e9s \u00e0 votre compte, par exemple si vous cliquez \u00bb J&#8217;aime \u00bb sur une vid\u00e9o.<\/td><td><a href=\"https:\/\/policies.google.com\/technologies\/cookies?hl=fr\" target=\"_blank\" rel=\"noreferrer noopener\">Google<\/a><\/td><td>2 mois<\/td><\/tr><tr><td>APISID<\/td><td>Youtube<\/td><td>comme ci-dessus<\/td><td><a href=\"https:\/\/policies.google.com\/technologies\/cookies?hl=fr\" target=\"_blank\" rel=\"noreferrer noopener\">Google<\/a><\/td><td>20 mois<\/td><\/tr><tr><td>CONSENT<\/td><td>Youtube<\/td><td>comme ci-dessus<\/td><td><a href=\"https:\/\/policies.google.com\/technologies\/cookies?hl=fr\" target=\"_blank\" rel=\"noreferrer noopener\">Google<\/a><\/td><td>20 ans 1 mois<\/td><\/tr><tr><td>GPS<\/td><td>Youtube<\/td><td>comme ci-dessus<\/td><td><a href=\"https:\/\/policies.google.com\/technologies\/cookies?hl=fr\" target=\"_blank\" rel=\"noreferrer noopener\">Google<\/a><\/td><td>1 heure<\/td><\/tr><tr><td>HSID<\/td><td>Youtube<\/td><td>comme ci-dessus<\/td><td><a href=\"https:\/\/policies.google.com\/technologies\/cookies?hl=fr\" target=\"_blank\" rel=\"noreferrer noopener\">Google<\/a><\/td><td>2 ans<\/td><\/tr><tr><td>NID<\/td><td>Youtube<\/td><td>Comme ci-dessus<\/td><td><a href=\"https:\/\/policies.google.com\/technologies\/cookies?hl=fr\" target=\"_blank\" rel=\"noreferrer noopener\">Google<\/a><\/td><td>6 mois<\/td><\/tr><tr><td>OGPC<\/td><td>Youtube<\/td><td>comme ci-dessus<\/td><td><a href=\"https:\/\/policies.google.com\/technologies\/cookies?hl=fr\" target=\"_blank\" rel=\"noreferrer noopener\">Google<\/a><\/td><td>1 mois<\/td><\/tr><tr><td>OTZ<\/td><td>Youtube<\/td><td>comme ci-dessus<\/td><td><a href=\"https:\/\/policies.google.com\/technologies\/cookies?hl=fr\" target=\"_blank\" rel=\"noreferrer noopener\">Google<\/a><\/td><td>1 mois<\/td><\/tr><tr><td>PREF<\/td><td>Youtube<\/td><td>comme ci-dessus<\/td><td><a href=\"https:\/\/policies.google.com\/technologies\/cookies?hl=fr\" target=\"_blank\" rel=\"noreferrer noopener\">Google<\/a><\/td><td>8 mois<\/td><\/tr><tr><td>SAPISID<\/td><td>Youtube<\/td><td>comme ci-dessus<\/td><td><a href=\"https:\/\/policies.google.com\/technologies\/cookies?hl=fr\" target=\"_blank\" rel=\"noreferrer noopener\">Google<\/a><\/td><td>2 ans<\/td><\/tr><tr><td>SID<\/td><td>Youtube<\/td><td>comme ci-dessus<\/td><td><a href=\"https:\/\/policies.google.com\/technologies\/cookies?hl=fr\" target=\"_blank\" rel=\"noreferrer noopener\">Google<\/a><\/td><td>2 ans<\/td><\/tr><tr><td>SIDCC<\/td><td>Youtube<\/td><td>comme ci-dessus<\/td><td><a href=\"https:\/\/policies.google.com\/technologies\/cookies?hl=fr\" target=\"_blank\" rel=\"noreferrer noopener\">Google<\/a><\/td><td>3 mois<\/td><\/tr><tr><td>SSID<\/td><td>Youtube<\/td><td>comme ci-dessus<\/td><td><a href=\"https:\/\/policies.google.com\/technologies\/cookies?hl=fr\" target=\"_blank\" rel=\"noreferrer noopener\">Google<\/a><\/td><td>2 ans<\/td><\/tr><tr><td>VISITOR_INFO1_LIVE<\/td><td>Youtube<\/td><td>comme ci-dessus<\/td><td><a href=\"https:\/\/policies.google.com\/technologies\/cookies?hl=fr\" target=\"_blank\" rel=\"noreferrer noopener\">Google<\/a><\/td><td>8 mois<\/td><\/tr><tr><td>VISITOR_PRIVACY_METADATA<\/td><td>Youtube<\/td><td><\/td><td><\/td><td><\/td><\/tr><tr><td>YSC<\/td><td>Youtube<\/td><td>Stocke l&#8217;autorisation d&#8217;utilisation de cookies pour le domaine actuel par l&#8217;utilisateur<\/td><td><a href=\"https:\/\/policies.google.com\/technologies\/cookies?hl=fr\" target=\"_blank\" rel=\"noreferrer noopener\">Google<\/a><\/td><td>6 mois<\/td><\/tr><tr><td>_ga<\/td><td>Google<\/td><td>YouTube utilise des cookies Google Analytics pour collecter des informations (en tout anonymat) sur la mani\u00e8re dont les visiteurs utilisent le site et g\u00e9n\u00e9rer des rapports pour am\u00e9liorer leur site Web.<\/td><td><a href=\"https:\/\/policies.google.com\/technologies\/cookies?hl=fr\" target=\"_blank\" rel=\"noreferrer noopener\">Google<\/a><\/td><td>2 ans<\/td><\/tr><\/tbody><\/table><\/figure>\n\n\n\n<p><strong>Contenido incrustado desde otros sitios<\/strong><br>Los art\u00edculos de este sitio pueden incluir contenidos incrustados (por ejemplo, v\u00eddeos, im\u00e1genes, art\u00edculos\u2026). El contenido incrustado desde otros sitios se comporta de la misma manera que si el visitante visitara ese otro sitio.<br>Estos sitios web podr\u00edan recopilar datos sobre usted, utilizar cookies, incluir herramientas de seguimiento de terceros, y seguir sus interacciones con estos contenidos incrustados si tiene una cuenta conectada en su sitio web.<\/p>\n\n\n\n<p><strong>Uso y transmisi\u00f3n de sus datos personales<\/strong><br>Si solicita un restablecimiento de su contrase\u00f1a, su direcci\u00f3n IP se incluir\u00e1 en el correo electr\u00f3nico de restablecimiento.<\/p>\n\n\n\n<p><strong>Duraci\u00f3n del almacenamiento de sus datos<\/strong><br>Si deja un comentario, el comentario y sus metadatos se conservan indefinidamente. Esto permite reconocer y aprobar autom\u00e1ticamente los comentarios siguientes, en lugar de dejarlos en la cola de moderaci\u00f3n.<br>Para las cuentas que se registren en nuestro sitio (si procede), tambi\u00e9n almacenamos los datos personales indicados en su perfil. Todas las cuentas pueden ver, modificar o eliminar su informaci\u00f3n personal en cualquier momento (excepto su identificador). Los administradores del sitio tambi\u00e9n pueden ver y modificar esta informaci\u00f3n.<\/p>\n\n\n\n<p><strong>Los derechos que tiene sobre sus datos<\/strong><br>Si tiene una cuenta o ha dejado comentarios en el sitio, puede solicitar recibir un archivo con todos los datos personales que poseemos sobre usted, incluidos los que nos haya proporcionado. Tambi\u00e9n puede solicitar la eliminaci\u00f3n de los datos personales que le conciernen. Esto no incluye los datos almacenados con fines administrativos, legales o de seguridad.<\/p>\n\n\n\n<p><strong>D\u00f3nde se env\u00edan sus datos<\/strong><br>Los comentarios de los visitantes pueden ser verificados mediante un servicio automatizado de detecci\u00f3n de comentarios no deseados: Akismet.<br>Recopilamos informaci\u00f3n sobre las personas que comentan en los sitios que utilizan la funci\u00f3n contra comentarios no deseados de Akismet. La informaci\u00f3n recopilada depende de c\u00f3mo Akismet est\u00e9 configurado en el sitio, e incluye generalmente la direcci\u00f3n IP de la persona que dej\u00f3 un comentario, el agente de usuario, la referencia, la URL del sitio (as\u00ed como otra informaci\u00f3n directamente proveniente del comentario, como el nombre, identificador, direcci\u00f3n de correo electr\u00f3nico y el propio comentario).<\/p>\n\n\n\n<p><\/p>\n","protected":false},"excerpt":{"rendered":"<p>\u00bfQui\u00e9nes somos? La direcci\u00f3n de nuestro sitio es: https:\/\/www.mayaelle.org\/es Comentarios Cuando dejas un comentario en nuestro sitio, los datos registrados en el formulario de comentario, as\u00ed como tu direcci\u00f3n IP y el agente de usuario de tu navegador, se recopilan para ayudarnos a detectar comentarios no deseados. Una cadena anonimizada creada a partir de tu [&hellip;]<\/p>\n","protected":false},"author":1,"featured_media":0,"parent":0,"menu_order":0,"comment_status":"closed","ping_status":"closed","template":"","meta":{"footnotes":""},"class_list":["post-2426","page","type-page","status-publish","hentry"],"pbg_featured_image_src":{"full":false,"thumbnail":false,"medium":false,"medium_large":false,"large":false,"1536x1536":false,"2048x2048":false},"pbg_author_info":{"display_name":"admin","author_link":"https:\/\/www.mayaelle.org\/es\/author\/admin\/","author_img":"<img src=\"https:\/\/www.mayaelle.org\/es\/wp-content\/plugins\/profilegrid-user-profiles-groups-and-communities\/public\/\/partials\/images\/admin-default-user.png\" width=\"128\" height=\"128\" class=\"user-profile-image\" \/>"},"pbg_comment_info":" No Comments","pbg_excerpt":"\u00bfQui\u00e9nes somos? La direcci\u00f3n de nuestro sitio es: https:\/\/www.mayaelle.org\/es Comentarios Cuando dejas un comentario en nuestro sitio, los datos registrados en el formulario de comentario, as\u00ed como tu direcci\u00f3n IP y el agente de usuario de tu navegador, se recopilan para ayudarnos a detectar comentarios no deseados. Una cadena anonimizada creada a partir de tu&hellip;","_links":{"self":[{"href":"https:\/\/www.mayaelle.org\/es\/wp-json\/wp\/v2\/pages\/2426","targetHints":{"allow":["GET"]}}],"collection":[{"href":"https:\/\/www.mayaelle.org\/es\/wp-json\/wp\/v2\/pages"}],"about":[{"href":"https:\/\/www.mayaelle.org\/es\/wp-json\/wp\/v2\/types\/page"}],"author":[{"embeddable":true,"href":"https:\/\/www.mayaelle.org\/es\/wp-json\/wp\/v2\/users\/1"}],"replies":[{"embeddable":true,"href":"https:\/\/www.mayaelle.org\/es\/wp-json\/wp\/v2\/comments?post=2426"}],"version-history":[{"count":2,"href":"https:\/\/www.mayaelle.org\/es\/wp-json\/wp\/v2\/pages\/2426\/revisions"}],"predecessor-version":[{"id":2688,"href":"https:\/\/www.mayaelle.org\/es\/wp-json\/wp\/v2\/pages\/2426\/revisions\/2688"}],"wp:attachment":[{"href":"https:\/\/www.mayaelle.org\/es\/wp-json\/wp\/v2\/media?parent=2426"}],"curies":[{"name":"wp","href":"https:\/\/api.w.org\/{rel}","templated":true}]}}