{"id":1339,"date":"2025-02-14T16:15:22","date_gmt":"2025-02-14T15:15:22","guid":{"rendered":"https:\/\/www.mayaelle.org\/?page_id=1339"},"modified":"2025-10-14T12:23:25","modified_gmt":"2025-10-14T10:23:25","slug":"ehpad","status":"publish","type":"page","link":"https:\/\/www.mayaelle.org\/fr\/formations\/ehpad\/","title":{"rendered":"EHPAD"},"content":{"rendered":"\n<p><br>L&rsquo;autisme et les troubles du neuro-d\u00e9veloppement chez les personnes \u00e2g\u00e9es, on en parle peu.<\/p>\n\n\n\n<p>Pourtant, c&rsquo;est aussi une r\u00e9alit\u00e9. <\/p>\n\n\n\n<p>Fille d&rsquo;un autiste \u00e0 tr\u00e8s haut quotient intellectuel, souffrant \u00e9galement du syndrome de Diog\u00e8ne, nous avons \u00e9t\u00e9 amen\u00e9es avec ma s\u0153ur \u00e0 guider l&rsquo;\u00e9quipe soignante devant ce personnage qui sortait du cadre et, h\u00e9las pour lui et pour l&rsquo;\u00e9quipe, a soulev\u00e9 de nombreuses questions, insult\u00e9 plusieurs soignants qui essayaient de s&rsquo;occuper de lui alors qu&rsquo;il se sentait agress\u00e9 dans son corps et d\u00e9stabilis\u00e9 par la perte de routine. <br><br>Ainsi, accompagner le senior autiste et guider l&rsquo;\u00e9quipe soignante est une n\u00e9cessit\u00e9 pour r\u00e9duire les difficult\u00e9s de part et d&rsquo;autre, la violence de la situation, et les comportements d\u00e9fis ou la perte de go\u00fbt de vivre qui peuvent s&rsquo;ensuivre.<br><br><\/p>\n","protected":false},"excerpt":{"rendered":"<p>L&rsquo;autisme et les troubles du neuro-d\u00e9veloppement chez les personnes \u00e2g\u00e9es, on en parle peu. Pourtant, c&rsquo;est aussi une r\u00e9alit\u00e9. Fille d&rsquo;un autiste \u00e0 tr\u00e8s haut quotient intellectuel, souffrant \u00e9galement du syndrome de Diog\u00e8ne, nous avons \u00e9t\u00e9 amen\u00e9es avec ma s\u0153ur \u00e0 guider l&rsquo;\u00e9quipe soignante devant ce personnage qui sortait du cadre et, h\u00e9las pour lui [&hellip;]<\/p>\n","protected":false},"author":1,"featured_media":0,"parent":1327,"menu_order":0,"comment_status":"open","ping_status":"closed","template":"","meta":{"footnotes":""},"class_list":["post-1339","page","type-page","status-publish","hentry"],"pbg_featured_image_src":{"full":false,"thumbnail":false,"medium":false,"medium_large":false,"large":false,"1536x1536":false,"2048x2048":false},"pbg_author_info":{"display_name":"admin","author_link":"https:\/\/www.mayaelle.org\/fr\/author\/admin\/","author_img":"<img src=\"https:\/\/www.mayaelle.org\/fr\/wp-content\/plugins\/profilegrid-user-profiles-groups-and-communities\/public\/\/partials\/images\/admin-default-user.png\" width=\"128\" height=\"128\" class=\"user-profile-image\" \/>"},"pbg_comment_info":" No Comments","pbg_excerpt":"L&rsquo;autisme et les troubles du neuro-d\u00e9veloppement chez les personnes \u00e2g\u00e9es, on en parle peu. Pourtant, c&rsquo;est aussi une r\u00e9alit\u00e9. Fille d&rsquo;un autiste \u00e0 tr\u00e8s haut quotient intellectuel, souffrant \u00e9galement du syndrome de Diog\u00e8ne, nous avons \u00e9t\u00e9 amen\u00e9es avec ma s\u0153ur \u00e0 guider l&rsquo;\u00e9quipe soignante devant ce personnage qui sortait du cadre et, h\u00e9las pour lui\u2026","_links":{"self":[{"href":"https:\/\/www.mayaelle.org\/fr\/wp-json\/wp\/v2\/pages\/1339","targetHints":{"allow":["GET"]}}],"collection":[{"href":"https:\/\/www.mayaelle.org\/fr\/wp-json\/wp\/v2\/pages"}],"about":[{"href":"https:\/\/www.mayaelle.org\/fr\/wp-json\/wp\/v2\/types\/page"}],"author":[{"embeddable":true,"href":"https:\/\/www.mayaelle.org\/fr\/wp-json\/wp\/v2\/users\/1"}],"replies":[{"embeddable":true,"href":"https:\/\/www.mayaelle.org\/fr\/wp-json\/wp\/v2\/comments?post=1339"}],"version-history":[{"count":3,"href":"https:\/\/www.mayaelle.org\/fr\/wp-json\/wp\/v2\/pages\/1339\/revisions"}],"predecessor-version":[{"id":2839,"href":"https:\/\/www.mayaelle.org\/fr\/wp-json\/wp\/v2\/pages\/1339\/revisions\/2839"}],"up":[{"embeddable":true,"href":"https:\/\/www.mayaelle.org\/fr\/wp-json\/wp\/v2\/pages\/1327"}],"wp:attachment":[{"href":"https:\/\/www.mayaelle.org\/fr\/wp-json\/wp\/v2\/media?parent=1339"}],"curies":[{"name":"wp","href":"https:\/\/api.w.org\/{rel}","templated":true}]}}