{"id":1355,"date":"2025-02-14T16:42:25","date_gmt":"2025-02-14T15:42:25","guid":{"rendered":"https:\/\/www.mayaelle.org\/?page_id=1355"},"modified":"2025-11-17T12:15:02","modified_gmt":"2025-11-17T11:15:02","slug":"guidance-parentale","status":"publish","type":"page","link":"https:\/\/www.mayaelle.org\/fr\/seances\/guidance-parentale\/","title":{"rendered":"Guidance parentale"},"content":{"rendered":"\n<h2 class=\"wp-block-heading\">\u00catre fort, c&rsquo;est demander de l&rsquo;aide<\/h2>\n\n\n\n<p><br><br>T\u00c9MOIGNAGE<br>\u00ab\u00a0La guidance parentale m&rsquo;a ouvert les yeux. Au d\u00e9but toutes les deux semaines, puis selon le besoin, je pouvais expliquer les situations, comment je me sentais, ce que je voyais. Et elle me d\u00e9codait les choses, m&rsquo;expliquait pourquoi on en \u00e9tait arriv\u00e9 l\u00e0, me proposait des alternatives. <br>J&rsquo;avais enfin des cl\u00e9s de lecture, \u00e7a m&rsquo;a ouvert les yeux sur ce que vivait mon enfant. Je me suis sentie une meilleure m\u00e8re, parce que finalement, je comprenais mon enfant et pouvais agir. \u00c7a a apais\u00e9 nos relations, s\u00e9curis\u00e9 mon enfant, et j&rsquo;ai repris confiance en moi. \u00bb<br><br><br>POUR QUOI ?<br>Briser l&rsquo;isolement via un espace de parole s\u00e9cure, prise en compte du v\u00e9cu du parent, d\u00e9codage des situations et enjeux, conseils, proposition d&rsquo;approche diff\u00e9rente, suivi, soutien, accompagnement. <br>On parle relations dans la fratrie, autonomie et acquisition, comportement, communication, confiance en soi, empowerment des familles, dialogue avec les proches et les professionnels. <br>On peut aussi y aborder la vie intime et affective ou d&rsquo;autres sujets pas toujours faciles \u00e0 aborder avec un professionnel en structure.<br><br><br>QUOI DONC ?<br>\u00c9coute, puis information et formation des parents sur des strat\u00e9gies \u00e9ducatives personnalis\u00e9es en fonction de leur famille. <br>Le but \u00e9tant de simplifier les choses en les comprenant, pour favoriser la qualit\u00e9 de vie des parents et de l&rsquo;enfant, diminuer les difficult\u00e9s du quotidien.<br><br><br>LA PROPOSITION<br>&#8211; S\u00e9ance de 50 minutes environ, individuel ou couple.<br>&#8211; Avant la premi\u00e8re s\u00e9ance, j&rsquo;appr\u00e9cie que vous m&rsquo;envoyiez un mail de pr\u00e9sentation pour mieux me pr\u00e9parer au contexte.<br>&#8211; Lors de la s\u00e9ance en pr\u00e9sentiel ou visio, le format est libre. Vous pouvez parler en premier ou non. <br>&#8211; En cas de visio, la cam\u00e9ra est n\u00e9cessaire pour l&rsquo;introduction, puis vous pouvez la couper.<br>&#8211; Pas d&rsquo;engagement, vous faites la ou les s\u00e9ances dont vous avez besoin.<br>&#8211; Avant ou apr\u00e8s chaque s\u00e9ance, vous \u00eates libre de m&rsquo;envoyer un mail pour exprimer votre v\u00e9cu ou poser vos questions.<br><br><br>LA VALEUR<br>64\u20ac TTC (21% de tva espagnole incluse) par s\u00e9ance.<\/p>\n\n\n\n<p><a href=\"https:\/\/calendly.com\/hello-mayaelle\/decouverte?month=2025-10\" data-type=\"link\" data-id=\"https:\/\/calendly.com\/hello-mayaelle\/decouverte?month=2025-10\" target=\"_blank\" rel=\"noreferrer noopener\">R\u00e9server ma s\u00e9ance d\u00e9couverte 20 min offerte<\/a><\/p>\n\n\n\n<p><a href=\"https:\/\/calendly.com\/hello-mayaelle\/seance?month=2025-10\" target=\"_blank\" rel=\"noreferrer noopener\">R\u00e9server ma s\u00e9ance de 50 minutes<\/a><\/p>\n\n\n\n<p><a href=\"https:\/\/calendly.com\/hello-mayaelle\/seance-clone\" target=\"_blank\" rel=\"noreferrer noopener\">R\u00e9server ma s\u00e9ance \u00e0 demi-prix<\/a><\/p>\n\n\n\n<p><a href=\"https:\/\/calendly.com\/hello-mayaelle\/seance-a-prix-soutien\" target=\"_blank\" rel=\"noreferrer noopener\">R\u00e9server ma s\u00e9ance \u00e0 prix de soutien pour une autre personne<\/a><br><br><br>D&rsquo;AUTRES ENDROITS POUR LA GUIDANCE PARENTALE<br><a href=\"https:\/\/www.autisme-ressources-lr.fr\/familles\/guidance-parentale\" target=\"_blank\" rel=\"noopener\">Guidance parentale<\/a><br>Ressources et webinaires <a href=\"https:\/\/hapyk.com\" target=\"_blank\" rel=\"noopener\">Hapyk <\/a><br><a href=\"https:\/\/aspieconseil.com\/livres-de-jean-philippe-piat\/\" target=\"_blank\" rel=\"noopener\">Guide de survie de la personne autiste<\/a> Jean-Philippe Piat<br>Podcast <a href=\"https:\/\/www.mayaelle.org\/blog\/2024\/02\/17\/la-fatigue-des-personnes-autistes-reelle-ou-surjouee\/\">La fatiguabilit\u00e9<\/a><br>Formations et ressources <a href=\"https:\/\/www.ideereka.com\/?s=parentalit\u00e9\" target=\"_blank\" rel=\"noopener\">Ideereka<\/a><br><a href=\"https:\/\/autisme-parents-autonomes.my.canva.site\" target=\"_blank\" rel=\"noopener\">S\u00e9verine Chapuy<\/a> s\u00e9ance et conseils d&rsquo;apr\u00e8s vos vid\u00e9os<br><a href=\"https:\/\/ctcce.fr\/aurelie-cretin\/\" target=\"_blank\" rel=\"noopener\">Aur\u00e9lie Cr\u00e9tin<\/a> TTC pour enfants avec TND<br><a href=\"https:\/\/annuaire.autismeinfoservice.fr\/fiche\/details\/id:3956\/\" target=\"_blank\" rel=\"noopener\">Astrid Kremmer<\/a> TSA HPI TND TDAH profil sensoriel, accompagnement<br><a href=\"https:\/\/www.mayaelle.org\/seances\/audit-entreprise\/\" data-type=\"page\" data-id=\"1750\">\u00catre la s\u0153ur ou le fr\u00e8re d&rsquo;une personne en situation de handicap<\/a><br><a href=\"https:\/\/centre-ressource-rehabilitation.org\/c2r\" target=\"_blank\" rel=\"noopener\">CR2<\/a> \u00e9valuation des troubles associ\u00e9s et comorbidit\u00e9s, psycho\u00e9ducation, entrainement aux habilet\u00e9s sociales<\/p>\n\n\n\n<p><br>EN SAVOIR PLUS <br>De nombreuses familles avec des enfants autistes ou porteurs de handicap, de trouble psychique ou de diff\u00e9rence ont la t\u00eate sous l&rsquo;eau. <br>La plupart du temps, les aidants ne sont pas aid\u00e9s, et souvent trop peu \u00e9cout\u00e9s. <br>Une famille aid\u00e9e, c&rsquo;est un enfant ou un jeune qui se r\u00e9tablit plus vite. <br>Une famille ignor\u00e9e, c&rsquo;est souvent l&rsquo;entr\u00e9e dans les soins par la crise du jeune, par la porte des urgences, voire des soins ou hospitalisations sans consentement. <br>\u00c9couter et aider les familles est une priorit\u00e9, pour favoriser le r\u00e9tablissement et \u00e9viter que la situation du jeune s&rsquo;enlise.<br><br>Entendons-nous bien, les parents ne sont pas la cause d&rsquo;un autisme, d&rsquo;un TDAH, ou tout autre trouble du neuro-d\u00e9veloppement. Il ne s&rsquo;agit absolument pas de les culpabiliser, les remettre en cause ou, comme \u00e7a a \u00e9t\u00e9 h\u00e9las martel\u00e9 durant des ann\u00e9es, pointer du doigt une m\u00e8re \u00ab\u00a0trop ou pas assez\u00a0\u00bb et un p\u00e8re absent. <br>Non, guider les parents, ce n&rsquo;est certainement pas vouloir les \u00e9duquer pour faire mieux. <br>En revanche, les parents sont des acteurs cl\u00e9s dans l&rsquo;accompagnement de leur enfant, et c&rsquo;est en cela que la guidance parentale, comme une forme de d\u00e9codage des situations, peut leur apporter un \u00e9clairage int\u00e9ressant et des outils pour leur parentalit\u00e9. Qu&rsquo;ils exercent comme ils veulent, comme ils peuvent, selon leur personnalit\u00e9 et leur histoire. <br><br>\u00c0 chaque famille d&rsquo;\u00e9crire la sienne. <br>La guidance parentale n&rsquo;est qu&rsquo;une proposition de feutres, crayons, plumes et stylos.<\/p>\n\n\n\n<p><\/p>\n\n\n\n<p><br>LA SITUATION DU JEUNE<br>La personne qui se sent vaincue par la douleur, la fatigue, la tristesse, les \u00e9checs, pi\u00e9g\u00e9e dans sa douleur, sans prise sur sa r\u00e9alit\u00e9 devant une absence de choix, sans \u00e9chappatoire devant le stress et l&rsquo;anxi\u00e9t\u00e9, est souvent \u00e9cras\u00e9e par ce poids et se voit sans issue, avec une immense difficult\u00e9 \u00e0 se projeter vers un avenir plus serein. <br>Le sentiment de n&rsquo;avoir aucun contr\u00f4le sur sa vie ou son \u00e9tat est extr\u00eamement douloureux. <br>La plupart du temps, la honte submerge l&rsquo;enfant ou le jeune. <br>Et il se sent ill\u00e9gitime \u00e0 demander \u00e0 nouveau de l&rsquo;aide. <br>Des comportements de d\u00e9fi, ou d&rsquo;enfermement peuvent apparaitre. <br>Des id\u00e9es suicidaires peuvent aussi \u00eatre pr\u00e9sentes. <br>En g\u00e9n\u00e9ral, la personne ne souhaite pas cesser de vivre, mais souhaite cesser de souffrir.<br>Sa douleur, du corps et de l&rsquo;esprit, est r\u00e9elle, et \u00e0 prendre en compte. <br><br>Elle a besoin de soutien discret, d&rsquo;\u00eatre entour\u00e9e. <br>En p\u00e9riode de crise, ce n&rsquo;est pas le moment de parler ou d&rsquo;essayer de construire un projet avec notre enfant. <br>En p\u00e9riode de crise, notre r\u00f4le de parent est quadruple : <br>&#8211; R\u00e9pondre aux besoins primaires<br>&#8211; S\u00e9curit\u00e9 physique et \u00e9motionnelle<br>&#8211; Entourer<br>&#8211; Tenir bon<br>&#8211; La fermer (!) <br><br>Ne restez pas seuls en tant que parents ou proches, et si vous-m\u00eame \u00eates concern\u00e9s, ne restez pas seuls. Votre souffrance est r\u00e9elle, pouvoir en parler et recevoir du soutien sans jugement est pr\u00e9cieux. Vous y avez droit.<br>Dans l&rsquo;onglet ressource, retrouvez diff\u00e9rentes pistes et lieux ressources.<\/p>\n\n\n\n<p>Ces conseils ne remplacent pas l&rsquo;avis d&rsquo;un professionnel de sant\u00e9.<br><\/p>\n\n\n\n<p><\/p>\n\n\n\n<p><\/p>\n\n\n\n<p><\/p>\n\n\n\n<p><\/p>\n\n\n\n<p><\/p>\n","protected":false},"excerpt":{"rendered":"<p>\u00catre fort, c&rsquo;est demander de l&rsquo;aide T\u00c9MOIGNAGE\u00ab\u00a0La guidance parentale m&rsquo;a ouvert les yeux. Au d\u00e9but toutes les deux semaines, puis selon le besoin, je pouvais expliquer les situations, comment je me sentais, ce que je voyais. Et elle me d\u00e9codait les choses, m&rsquo;expliquait pourquoi on en \u00e9tait arriv\u00e9 l\u00e0, me proposait des alternatives. J&rsquo;avais enfin [&hellip;]<\/p>\n","protected":false},"author":1,"featured_media":0,"parent":1329,"menu_order":0,"comment_status":"closed","ping_status":"closed","template":"","meta":{"footnotes":""},"class_list":["post-1355","page","type-page","status-publish","hentry"],"pbg_featured_image_src":{"full":false,"thumbnail":false,"medium":false,"medium_large":false,"large":false,"1536x1536":false,"2048x2048":false},"pbg_author_info":{"display_name":"admin","author_link":"https:\/\/www.mayaelle.org\/fr\/author\/admin\/","author_img":"<img src=\"https:\/\/www.mayaelle.org\/fr\/wp-content\/plugins\/profilegrid-user-profiles-groups-and-communities\/public\/\/partials\/images\/admin-default-user.png\" width=\"128\" height=\"128\" class=\"user-profile-image\" \/>"},"pbg_comment_info":" No Comments","pbg_excerpt":"\u00catre fort, c&rsquo;est demander de l&rsquo;aide T\u00c9MOIGNAGE\u00ab\u00a0La guidance parentale m&rsquo;a ouvert les yeux. Au d\u00e9but toutes les deux semaines, puis selon le besoin, je pouvais expliquer les situations, comment je me sentais, ce que je voyais. Et elle me d\u00e9codait les choses, m&rsquo;expliquait pourquoi on en \u00e9tait arriv\u00e9 l\u00e0, me proposait des alternatives. J&rsquo;avais enfin\u2026","_links":{"self":[{"href":"https:\/\/www.mayaelle.org\/fr\/wp-json\/wp\/v2\/pages\/1355","targetHints":{"allow":["GET"]}}],"collection":[{"href":"https:\/\/www.mayaelle.org\/fr\/wp-json\/wp\/v2\/pages"}],"about":[{"href":"https:\/\/www.mayaelle.org\/fr\/wp-json\/wp\/v2\/types\/page"}],"author":[{"embeddable":true,"href":"https:\/\/www.mayaelle.org\/fr\/wp-json\/wp\/v2\/users\/1"}],"replies":[{"embeddable":true,"href":"https:\/\/www.mayaelle.org\/fr\/wp-json\/wp\/v2\/comments?post=1355"}],"version-history":[{"count":15,"href":"https:\/\/www.mayaelle.org\/fr\/wp-json\/wp\/v2\/pages\/1355\/revisions"}],"predecessor-version":[{"id":3033,"href":"https:\/\/www.mayaelle.org\/fr\/wp-json\/wp\/v2\/pages\/1355\/revisions\/3033"}],"up":[{"embeddable":true,"href":"https:\/\/www.mayaelle.org\/fr\/wp-json\/wp\/v2\/pages\/1329"}],"wp:attachment":[{"href":"https:\/\/www.mayaelle.org\/fr\/wp-json\/wp\/v2\/media?parent=1355"}],"curies":[{"name":"wp","href":"https:\/\/api.w.org\/{rel}","templated":true}]}}