{"id":1358,"date":"2025-02-14T16:44:01","date_gmt":"2025-02-14T15:44:01","guid":{"rendered":"https:\/\/www.mayaelle.org\/?page_id=1358"},"modified":"2026-02-13T20:22:41","modified_gmt":"2026-02-13T19:22:41","slug":"asyncrhone-intensif","status":"publish","type":"page","link":"https:\/\/www.mayaelle.org\/fr\/seances\/asyncrhone-intensif\/","title":{"rendered":"Asynchrone intensif"},"content":{"rendered":"\n<p><\/p>\n\n\n\n<p><br>T\u00c9MOIGNAGE<br>\u00ab&nbsp;J&rsquo;ai beaucoup aim\u00e9 travailler avec Ya\u00eblle. Avoir un regard ext\u00e9rieur permet souvent d&rsquo;avancer, et le sien \u00e9tait tr\u00e8s pertinent dans mon cas. Son analyse, sa vision, pr\u00e9cise et subtile de ma situation, et les images qu&rsquo;elle m&rsquo;a donn\u00e9es pour mettre des mots dessus, m&rsquo;ont permis d&rsquo;une part de mieux comprendre ce que je vivais, et d&rsquo;autre part de r\u00e9ussir \u00e0 mieux l&rsquo;exprimer, y compris aupr\u00e8s de professionnels de sant\u00e9. En effet, la pair-aidance permet une approche compl\u00e9mentaire \u00e0 d&rsquo;autres prises en charge : la compr\u00e9hension d&rsquo;un pair-aidant sera toujours diff\u00e9rente de celle d&rsquo;une personne non concern\u00e9e. Parfois, on a besoin d&rsquo;un \u00e9change en direct, et dans ce cas le mode asynchrone ne convient pas. \u00c0 d&rsquo;autres moments en revanche, il est tr\u00e8s pertinent puisque l&rsquo;on peut poser nos questions lorsqu&rsquo;on en a besoin, et le fait que ce soit \u00e9crit permet de garder une trace des \u00e9changes, et d&rsquo;y revenir. (Personnellement, j&rsquo;\u00e9prouve souvent ce besoin\u2026) Par ailleurs, le distanciel s&rsquo;inscrit tr\u00e8s bien dans notre monde actuel, et permet de trouver la personne qui nous convient, partout en France. Alors en r\u00e9sum\u00e9, j&rsquo;ai juste envie de vous dire : essayez, et vous verrez si cela vous correspond. En ce qui me concerne, je n&rsquo;ai pas de doute. \u00bb<\/p>\n\n\n\n<p><br>POUR QUOI ?<br>Parfois, on ne peut ni se d\u00e9placer, ni r\u00e9server un cr\u00e9neau visio d&rsquo;une heure. Parfois, on ne veut ou ne peut pas \u00eatre en live. Le c\u00f4t\u00e9 \u00e0 la fois intensif et asynchrone vous permet d&rsquo;\u00e9crire quand vous le voulez, quand le besoin se fait ressentir. Et me laisse le temps de r\u00e9fl\u00e9chir et de vous r\u00e9pondre au calme. \u00c7a facilite \u00e9galement la prise de distance sur les \u00e9motions et les pens\u00e9es, tout en vous permettant de les exprimer \u00e0 chaud, quand vous en avez besoin.<br><br>QUOI DONC ?<br>Ce mode permet d&rsquo;alterner, au gr\u00e9 des besoins, la spontan\u00e9it\u00e9, voire la force des \u00e9motions et de l&rsquo;exp\u00e9rience v\u00e9cue, avec votre propre prise de recul. Je ne juge pas et accueille votre \u00e9tat tel que vous le vivez. \u00c7a respecte \u00e0 la fois votre temporalit\u00e9, et la mienne, garantissant confiance et respect mutuel.<br><br>LA PROPOSITION<br>&#8211; Vous \u00e9crivez ou faites vos vocaux quand vous voulez.<br>&#8211; Je vous r\u00e9ponds une \u00e0 deux fois par semaine par mail ou audio.<br>&#8211; Vous choisissez la formule \u00e0 la semaine ou au mois.<br><br><br>LA VALEUR<br>40\u20ac TTC (21% de tva espagnole incluse) formule semaine.<br>120\u20ac TTC (21% de tva espagnole incluse) formule mensuelle.<br>50% de r\u00e9duction pour les mineurs, personnes sans emploi et \u00e9tudiants.<\/p>\n\n\n\n<div class=\"wp-block-buttons is-layout-flex wp-block-buttons-is-layout-flex\">\n<div class=\"wp-block-button blockera-block blockera-block-wrlou\"><a class=\"wp-block-button__link has-background wp-element-button\" href=\"https:\/\/buy.stripe.com\/bJe4gzcdd7kH30Wgpj48005\" style=\"background-color:#afdbba\" target=\"_blank\" rel=\"noopener\">Formule semaine<\/a><\/div>\n<\/div>\n\n\n<a     class=\"wp-block-tiptip-hyperlink-group-block\" >\n<div class=\"wp-block-buttons is-layout-flex wp-block-buttons-is-layout-flex\">\n<div class=\"wp-block-button blockera-block blockera-block-18b9khi\"><a class=\"wp-block-button__link has-background wp-element-button\" href=\"https:\/\/buy.stripe.com\/fZu4gzdhhgVh6d80ql48006\" style=\"background-color:#66c9a6\" target=\"_blank\" rel=\"noopener\">Formule mois<\/a><\/div>\n<\/div>\n<\/a>\n\n\n<p><\/p>\n","protected":false},"excerpt":{"rendered":"<p>T\u00c9MOIGNAGE\u00ab&nbsp;J&rsquo;ai beaucoup aim\u00e9 travailler avec Ya\u00eblle. Avoir un regard ext\u00e9rieur permet souvent d&rsquo;avancer, et le sien \u00e9tait tr\u00e8s pertinent dans mon cas. Son analyse, sa vision, pr\u00e9cise et subtile de ma situation, et les images qu&rsquo;elle m&rsquo;a donn\u00e9es pour mettre des mots dessus, m&rsquo;ont permis d&rsquo;une part de mieux comprendre ce que je vivais, et [&hellip;]<\/p>\n","protected":false},"author":1,"featured_media":0,"parent":1329,"menu_order":0,"comment_status":"closed","ping_status":"closed","template":"","meta":{"footnotes":""},"class_list":["post-1358","page","type-page","status-publish","hentry"],"pbg_featured_image_src":{"full":false,"thumbnail":false,"medium":false,"medium_large":false,"large":false,"1536x1536":false,"2048x2048":false},"pbg_author_info":{"display_name":"admin","author_link":"https:\/\/www.mayaelle.org\/fr\/author\/admin\/","author_img":"<img src=\"https:\/\/www.mayaelle.org\/fr\/wp-content\/plugins\/profilegrid-user-profiles-groups-and-communities\/public\/\/partials\/images\/admin-default-user.png\" width=\"128\" height=\"128\" class=\"user-profile-image\" \/>"},"pbg_comment_info":" No Comments","pbg_excerpt":"T\u00c9MOIGNAGE\u00ab&nbsp;J&rsquo;ai beaucoup aim\u00e9 travailler avec Ya\u00eblle. Avoir un regard ext\u00e9rieur permet souvent d&rsquo;avancer, et le sien \u00e9tait tr\u00e8s pertinent dans mon cas. Son analyse, sa vision, pr\u00e9cise et subtile de ma situation, et les images qu&rsquo;elle m&rsquo;a donn\u00e9es pour mettre des mots dessus, m&rsquo;ont permis d&rsquo;une part de mieux comprendre ce que je vivais, et\u2026","_links":{"self":[{"href":"https:\/\/www.mayaelle.org\/fr\/wp-json\/wp\/v2\/pages\/1358","targetHints":{"allow":["GET"]}}],"collection":[{"href":"https:\/\/www.mayaelle.org\/fr\/wp-json\/wp\/v2\/pages"}],"about":[{"href":"https:\/\/www.mayaelle.org\/fr\/wp-json\/wp\/v2\/types\/page"}],"author":[{"embeddable":true,"href":"https:\/\/www.mayaelle.org\/fr\/wp-json\/wp\/v2\/users\/1"}],"replies":[{"embeddable":true,"href":"https:\/\/www.mayaelle.org\/fr\/wp-json\/wp\/v2\/comments?post=1358"}],"version-history":[{"count":6,"href":"https:\/\/www.mayaelle.org\/fr\/wp-json\/wp\/v2\/pages\/1358\/revisions"}],"predecessor-version":[{"id":3080,"href":"https:\/\/www.mayaelle.org\/fr\/wp-json\/wp\/v2\/pages\/1358\/revisions\/3080"}],"up":[{"embeddable":true,"href":"https:\/\/www.mayaelle.org\/fr\/wp-json\/wp\/v2\/pages\/1329"}],"wp:attachment":[{"href":"https:\/\/www.mayaelle.org\/fr\/wp-json\/wp\/v2\/media?parent=1358"}],"curies":[{"name":"wp","href":"https:\/\/api.w.org\/{rel}","templated":true}]}}