{"id":1397,"date":"2025-02-14T17:35:26","date_gmt":"2025-02-14T16:35:26","guid":{"rendered":"https:\/\/www.mayaelle.org\/?page_id=1397"},"modified":"2025-08-17T05:38:08","modified_gmt":"2025-08-17T03:38:08","slug":"livre","status":"publish","type":"page","link":"https:\/\/www.mayaelle.org\/fr\/livre\/","title":{"rendered":"LIVRE"},"content":{"rendered":"\n<p class=\"has-heading-font-family\" style=\"font-size:clamp(0.875rem, 0.875rem + ((1vw - 0.2rem) * 0.708), 1.3rem);\"><em><strong>Les Papillons Bleus Z\u00e9br\u00e9s<\/strong>&nbsp;est une association loi 1901.<\/em><br><em>Elle a \u00e9t\u00e9 cr\u00e9\u00e9e le 1er Octobre 2015 par Delphine BESSIERE qui en fut la Pr\u00e9sidente jusqu&rsquo;en d\u00e9cembre 2017<\/em>. <em>Delphine Orseau a port\u00e9 cette pr\u00e9sidence et l&rsquo;association ensuite durant 7 ans, jusqu&rsquo;en mai 2024, nous faisant b\u00e9n\u00e9ficier de son expertise et fournissant un travail de fond colossal. <\/em><\/p>\n\n\n\n<p class=\"has-heading-font-family\" style=\"font-size:clamp(0.875rem, 0.875rem + ((1vw - 0.2rem) * 0.708), 1.3rem);\">Historiquement, \u00ab\u00a0Les Papillons Bleus Z\u00e9br\u00e9s\u00a0\u00bb est une association de parents d&rsquo;enfants \u00e0 haut potentiel intellectuel et\/ou autistes Asperger qui se sont rassembl\u00e9s pour cr\u00e9er une \u00e9cole alternative,&nbsp;<a href=\"http:\/\/www.ecolebleuechrysalide.com\/\" target=\"_blank\" class=\"\" rel=\"noreferrer noopener\">l&rsquo;Ecole bleue chrysalide<\/a>.<\/p>\n\n\n\n<p class=\"has-heading-font-family\" style=\"font-size:clamp(0.875rem, 0.875rem + ((1vw - 0.2rem) * 0.708), 1.3rem);\">Aujourd\u2019hui, l\u2019association a l\u2019ambition de toucher les familles concern\u00e9es sur tout le territoire m\u00e9tropolitain fran\u00e7ais et ultramarin, ainsi que les expatri\u00e9s ou les francophones d\u2019autres pays.<\/p>\n\n\n\n<p class=\"has-heading-font-family\" style=\"font-size:clamp(0.875rem, 0.875rem + ((1vw - 0.2rem) * 0.708), 1.3rem);\"><strong>Une association en faveur du TSA associ\u00e9 au <\/strong>HPI<\/p>\n\n\n\n<p class=\"has-heading-font-family\" style=\"font-size:clamp(0.875rem, 0.875rem + ((1vw - 0.2rem) * 0.708), 1.3rem);\">Il existe aujourd&rsquo;hui, de nombreuses associations pour accompagner les personnes ayant un Trouble du Spectre de l&rsquo;Autisme, quelque soit leur place du le spectre,&nbsp;&nbsp;comme il existe des associations sur le&nbsp;haut potentiel intellectuel.<\/p>\n\n\n\n<p class=\"has-heading-font-family\" style=\"font-size:clamp(0.875rem, 0.875rem + ((1vw - 0.2rem) * 0.708), 1.3rem);\">Mais tr\u00e8s peu encore accompagnent les familles d&rsquo;enfant&nbsp;#doublement exceptionnels<\/p>\n\n\n\n<p class=\"has-heading-font-family\" style=\"font-size:clamp(0.875rem, 0.875rem + ((1vw - 0.2rem) * 0.708), 1.3rem);\">Et pourtant, nos enfants se sentent en perp\u00e9tuel d\u00e9calage, sans bien souvent comprendre pourquoi. Nous, parents, sommes parfois&nbsp;bien d\u00e9munis devant leur particularit\u00e9 et nous avons du mal \u00e0 les retrouver dans l&rsquo;une ou l&rsquo;autre de ces sp\u00e9cificit\u00e9s, et pour cause : elles ne r\u00e9pondent qu&rsquo;\u00e0 une seule partie de ce qui fait la sp\u00e9cificit\u00e9&nbsp;de nos enfants !&nbsp;<\/p>\n\n\n\n<p class=\"has-heading-font-family\" style=\"font-size:clamp(0.875rem, 0.875rem + ((1vw - 0.2rem) * 0.708), 1.3rem);\">Nos enfants sont des Papillons Bleus Z\u00e9br\u00e9s, #doublement exceptionnels, pr\u00eats \u00e0 prendre leur envol, pour peu qu&rsquo;on les aide \u00e0 d\u00e9ployer leur ailes.<\/p>\n\n\n\n<p class=\"has-heading-font-family\" style=\"font-size:clamp(0.875rem, 0.875rem + ((1vw - 0.2rem) * 0.708), 1.3rem);\">Nous sommes, comme vous, des parents d&rsquo;enfants qui ont un HPI associ\u00e9 \u00e0 un TSA, et nous nous sommes associ\u00e9s dans le but de nous retrouver pour \u00e9changer et partager nos exp\u00e9riences.<\/p>\n\n\n\n<p class=\"has-heading-font-family\" style=\"font-size:clamp(0.875rem, 0.875rem + ((1vw - 0.2rem) * 0.708), 1.3rem);\">Nous agissons aussi pour faire reconna\u00eetre cette double sp\u00e9cificit\u00e9 invisible pour un meilleur parcours diagnostic et un meilleur accompagnement de nos enfants.<\/p>\n\n\n\n<p class=\"has-heading-font-family\" style=\"font-size:clamp(0.875rem, 0.875rem + ((1vw - 0.2rem) * 0.708), 1.3rem);\"><\/p>\n","protected":false},"excerpt":{"rendered":"<p>Les Papillons Bleus Z\u00e9br\u00e9s&nbsp;est une association loi 1901.Elle a \u00e9t\u00e9 cr\u00e9\u00e9e le 1er Octobre 2015 par Delphine BESSIERE qui en fut la Pr\u00e9sidente jusqu&rsquo;en d\u00e9cembre 2017. Delphine Orseau a port\u00e9 cette pr\u00e9sidence et l&rsquo;association ensuite durant 7 ans, jusqu&rsquo;en mai 2024, nous faisant b\u00e9n\u00e9ficier de son expertise et fournissant un travail de fond colossal. Historiquement, [&hellip;]<\/p>\n","protected":false},"author":1,"featured_media":0,"parent":0,"menu_order":0,"comment_status":"closed","ping_status":"closed","template":"","meta":{"footnotes":""},"class_list":["post-1397","page","type-page","status-publish","hentry"],"pbg_featured_image_src":{"full":false,"thumbnail":false,"medium":false,"medium_large":false,"large":false,"1536x1536":false,"2048x2048":false},"pbg_author_info":{"display_name":"admin","author_link":"https:\/\/www.mayaelle.org\/fr\/author\/admin\/","author_img":"<img src=\"https:\/\/www.mayaelle.org\/fr\/wp-content\/plugins\/profilegrid-user-profiles-groups-and-communities\/public\/\/partials\/images\/admin-default-user.png\" width=\"128\" height=\"128\" class=\"user-profile-image\" \/>"},"pbg_comment_info":" No Comments","pbg_excerpt":"Les Papillons Bleus Z\u00e9br\u00e9s&nbsp;est une association loi 1901.Elle a \u00e9t\u00e9 cr\u00e9\u00e9e le 1er Octobre 2015 par Delphine BESSIERE qui en fut la Pr\u00e9sidente jusqu&rsquo;en d\u00e9cembre 2017. Delphine Orseau a port\u00e9 cette pr\u00e9sidence et l&rsquo;association ensuite durant 7 ans, jusqu&rsquo;en mai 2024, nous faisant b\u00e9n\u00e9ficier de son expertise et fournissant un travail de fond colossal. Historiquement,\u2026","_links":{"self":[{"href":"https:\/\/www.mayaelle.org\/fr\/wp-json\/wp\/v2\/pages\/1397","targetHints":{"allow":["GET"]}}],"collection":[{"href":"https:\/\/www.mayaelle.org\/fr\/wp-json\/wp\/v2\/pages"}],"about":[{"href":"https:\/\/www.mayaelle.org\/fr\/wp-json\/wp\/v2\/types\/page"}],"author":[{"embeddable":true,"href":"https:\/\/www.mayaelle.org\/fr\/wp-json\/wp\/v2\/users\/1"}],"replies":[{"embeddable":true,"href":"https:\/\/www.mayaelle.org\/fr\/wp-json\/wp\/v2\/comments?post=1397"}],"version-history":[{"count":1,"href":"https:\/\/www.mayaelle.org\/fr\/wp-json\/wp\/v2\/pages\/1397\/revisions"}],"predecessor-version":[{"id":2671,"href":"https:\/\/www.mayaelle.org\/fr\/wp-json\/wp\/v2\/pages\/1397\/revisions\/2671"}],"wp:attachment":[{"href":"https:\/\/www.mayaelle.org\/fr\/wp-json\/wp\/v2\/media?parent=1397"}],"curies":[{"name":"wp","href":"https:\/\/api.w.org\/{rel}","templated":true}]}}