{"id":18,"date":"2024-01-22T18:45:21","date_gmt":"2024-01-22T17:45:21","guid":{"rendered":"https:\/\/www.mayaelle.org\/?page_id=18"},"modified":"2026-03-23T18:39:01","modified_gmt":"2026-03-23T17:39:01","slug":"presentation","status":"publish","type":"page","link":"https:\/\/www.mayaelle.org\/fr\/qui-suis-je\/presentation\/","title":{"rendered":"Pr\u00e9sentation"},"content":{"rendered":"\n<p><br><strong>Je travaille avec des acteurs du domaine de la sant\u00e9 mentale et de la recherche, tout en conservant une approche ancr\u00e9e dans le r\u00e9el.<\/strong><\/p>\n\n\n\n<h3 class=\"wp-block-heading\"><strong>Pourquoi ?<\/strong><\/h3>\n\n\n\n<h4 class=\"wp-block-heading\"><em>La neurodivergence familiale en fil conducteur<\/em><\/h4>\n\n\n\n<p>En r\u00e9sum\u00e9, l&rsquo;autisme, le TDAH et quelques troubles d&rsquo;apprentissages (autrement dit des troubles du neurod\u00e9veloppement), ainsi que les troubles anxieux, font partie du tableau familial. J&rsquo;en suis entour\u00e9e depuis toujours. <br><br>Comme j&rsquo;aime comprendre et apprendre les \u00eates humains, j&rsquo;ai eu tr\u00e8s t\u00f4t un int\u00e9r\u00eat fort pour chercher \u00e0 comprendre les relations sociales, les codes, les comportements. J\u2019aime les \u00e9nigmes ; je recherche pourquoi \u00e7a \u00ab\u00a0cloche\u00a0\u00bb ou, plut\u00f4t, \u00e7a fait un autre son, justement. <br>Et ce qu\u2019on va pouvoir mettre en place pour fluidifier les choses. Que \u00e7a fasse moins mal.&nbsp; <br><br>Ce qui en a fait une trame pour mon parcours personnel et professionnel, et qui fait qu&rsquo;aujourd&rsquo;hui, je me d\u00e9die \u00e0 la sant\u00e9 mentale, apr\u00e8s avoir \u00e9t\u00e9 cheffe d&rsquo;entreprise pendant  21 ans et impliqu\u00e9e dans diff\u00e9rentes associations en France, en Espagne et en Suisse.<\/p>\n\n\n\n<h3 class=\"wp-block-heading\"><strong>Comment ?<\/strong><\/h3>\n\n\n\n<h4 class=\"wp-block-heading\"><em>L\u2019arbre droit finit en planche. L\u2019arbre tordu vit sa vie. Avoir une diff\u00e9rence est peut-\u00eatre la meilleure chose qui puisse t\u2019arriver.<\/em><\/h4>\n\n\n\n<p>\u00c0 travers mes accompagnements, j\u2019ai envie d\u2019\u00eatre sur la partie op\u00e9rationnelle, de mettre en place avec vous, vos familles, vos structures, des choses qui fluidifient les relations et les situations, favorisent l\u2019autonomie, le respect, apportent un peu plus de joie et de s\u00e9curit\u00e9.&nbsp;<br><\/p>\n\n\n\n<ul class=\"wp-block-list\">\n<li>Gr\u00e2ce \u00e0 un grand int\u00e9r\u00eat \u00e0 comprendre et \u00e0 chercher des solutions, pour ensuite les produire.<\/li>\n\n\n\n<li>Avec un parcours de femme chef d\u2019entreprise qui en connait les \u00e9cueils et les limites.<\/li>\n\n\n\n<li>En \u00e9tant une m\u00e8re qui a d\u00fb se battre pour ses enfants atypiques et favoriser pour eux un autre regard et d\u2019autres possibilit\u00e9s.<\/li>\n\n\n\n<li>Par mon exp\u00e9rience de recrutement et management de divers profils neurodivergents.<\/li>\n\n\n\n<li>Au travers de la vie en communaut\u00e9 et en effleurant des \u00e9cueils psycho-spirituels et pseudo-m\u00e9decines.<\/li>\n\n\n\n<li>\u00c0 la faveur de l\u2019autisme et de ses comorbidit\u00e9s, les implications dans la vie personnelle et professionnelle.<\/li>\n\n\n\n<li>\u00c9quilibrant tout \u00e7a par la cr\u00e9ativit\u00e9, les mains occup\u00e9es \u00e0 coudre ou jardiner, les jambes \u00e0 marcher avec le chien ou pos\u00e9es avec un bon livre, le chat, du th\u00e9 et du chocolat. La t\u00eate qui carbure, et encore mieux si les mains sont occup\u00e9es.<\/li>\n<\/ul>\n\n\n\n<h3 class=\"wp-block-heading\"><strong>Quoi ?<\/strong><\/h3>\n\n\n\n<h4 class=\"wp-block-heading\"><em>On a souvent la croyance que plus le chemin est long et douloureux, plus il est efficace<\/em>.<\/h4>\n\n\n\n<p><strong>Pas n\u00e9cessairement ! Et si on essayait les choses autrement ?<\/strong><\/p>\n\n\n\n<ul class=\"wp-block-list\">\n<li>Se comprendre, avoir une sorte de cartographie de notre fonctionnement,<\/li>\n\n\n\n<li>Comprendre notre entourage et notre environnement,<\/li>\n\n\n\n<li>Disposer d&rsquo;outils pour \u00e9valuer comment on va et limiter nos efforts pour limiter les \u00e9puisements,<\/li>\n\n\n\n<li>Avoir une forme d&rsquo;\u00e9quipement d&rsquo;auto-soin,<\/li>\n\n\n\n<li>\u00catre en lien avec d&rsquo;autres personnes qui nous comprennent et nous soutiennent,<\/li>\n<\/ul>\n\n\n\n<p><strong>Si tout cela nous permettait de mieux fonctionner ? <\/strong><br><br>Ceci en lien avec vos propres suivis et accompagnements, car mes accompagnements ne remplacent en rien un suivi par un m\u00e9decin, un psychologue ou un psychiatre. <br>Mais ils peuvent s&rsquo;y int\u00e9grer ou les compl\u00e9ter. <br>Chaque situation est unique, et si le client est d&rsquo;accord, selon ses conditions, il est possible de travailler en \u00e9quipe, en lien avec les professionnels de sant\u00e9. <br><\/p>\n\n\n\n<p class=\"blockera-block blockera-block-1c6ouqh\" style=\"border-top-width:1px;border-right-width:1px;border-bottom-width:1px;border-left-width:1px\"><strong>Je fais de la pair\u2011aidance et pair-aidance familiale, de la psycho\u00e9ducation, je ne fais pas de diagnostic ni de prescription. Je travaille en lien avec les \u00e9quipes de soin quand c\u2019est possible.<br>Mon accompagnement ne remplace pas un suivi m\u00e9dical ou psychologique.<br>Il vient en compl\u00e9ment, pour apporter des cl\u00e9s de compr\u00e9hension et des outils concrets dans le quotidien.<\/strong><\/p>\n\n\n\n<p><\/p>\n\n\n\n<p><\/p>\n","protected":false},"excerpt":{"rendered":"<p>Je travaille avec des acteurs du domaine de la sant\u00e9 mentale et de la recherche, tout en conservant une approche ancr\u00e9e dans le r\u00e9el. Pourquoi ? La neurodivergence familiale en fil conducteur En r\u00e9sum\u00e9, l&rsquo;autisme, le TDAH et quelques troubles d&rsquo;apprentissages (autrement dit des troubles du neurod\u00e9veloppement), ainsi que les troubles anxieux, font partie du [&hellip;]<\/p>\n","protected":false},"author":1,"featured_media":0,"parent":13,"menu_order":0,"comment_status":"closed","ping_status":"closed","template":"","meta":{"footnotes":""},"class_list":["post-18","page","type-page","status-publish","hentry"],"pbg_featured_image_src":{"full":false,"thumbnail":false,"medium":false,"medium_large":false,"large":false,"1536x1536":false,"2048x2048":false},"pbg_author_info":{"display_name":"admin","author_link":"https:\/\/www.mayaelle.org\/fr\/author\/admin\/","author_img":"<img src=\"https:\/\/www.mayaelle.org\/fr\/wp-content\/plugins\/profilegrid-user-profiles-groups-and-communities\/public\/\/partials\/images\/admin-default-user.png\" width=\"128\" height=\"128\" class=\"user-profile-image\" \/>"},"pbg_comment_info":" No Comments","pbg_excerpt":"Je travaille avec des acteurs du domaine de la sant\u00e9 mentale et de la recherche, tout en conservant une approche ancr\u00e9e dans le r\u00e9el. Pourquoi ? La neurodivergence familiale en fil conducteur En r\u00e9sum\u00e9, l&rsquo;autisme, le TDAH et quelques troubles d&rsquo;apprentissages (autrement dit des troubles du neurod\u00e9veloppement), ainsi que les troubles anxieux, font partie du\u2026","_links":{"self":[{"href":"https:\/\/www.mayaelle.org\/fr\/wp-json\/wp\/v2\/pages\/18","targetHints":{"allow":["GET"]}}],"collection":[{"href":"https:\/\/www.mayaelle.org\/fr\/wp-json\/wp\/v2\/pages"}],"about":[{"href":"https:\/\/www.mayaelle.org\/fr\/wp-json\/wp\/v2\/types\/page"}],"author":[{"embeddable":true,"href":"https:\/\/www.mayaelle.org\/fr\/wp-json\/wp\/v2\/users\/1"}],"replies":[{"embeddable":true,"href":"https:\/\/www.mayaelle.org\/fr\/wp-json\/wp\/v2\/comments?post=18"}],"version-history":[{"count":15,"href":"https:\/\/www.mayaelle.org\/fr\/wp-json\/wp\/v2\/pages\/18\/revisions"}],"predecessor-version":[{"id":3156,"href":"https:\/\/www.mayaelle.org\/fr\/wp-json\/wp\/v2\/pages\/18\/revisions\/3156"}],"up":[{"embeddable":true,"href":"https:\/\/www.mayaelle.org\/fr\/wp-json\/wp\/v2\/pages\/13"}],"wp:attachment":[{"href":"https:\/\/www.mayaelle.org\/fr\/wp-json\/wp\/v2\/media?parent=18"}],"curies":[{"name":"wp","href":"https:\/\/api.w.org\/{rel}","templated":true}]}}