{"id":2821,"date":"2025-10-12T13:04:50","date_gmt":"2025-10-12T11:04:50","guid":{"rendered":"https:\/\/www.mayaelle.org\/fr\/?page_id=2821"},"modified":"2026-03-28T13:00:47","modified_gmt":"2026-03-28T12:00:47","slug":"atelier-dassertivite","status":"publish","type":"page","link":"https:\/\/www.mayaelle.org\/fr\/seances\/atelier-dassertivite\/","title":{"rendered":"Atelier d&rsquo;assertivit\u00e9"},"content":{"rendered":"\n<h2 class=\"wp-block-heading\">Dire non, poser ses limites<\/h2>\n\n\n\n<p><br><br>POUR QUOI ?<br>Certains ont du mal \u00e0 dire non au vendeur si gentil et attentif, \u00e0 l&rsquo;invitation de la voisine, aux injonctions de l&rsquo;\u00e9cole, au chef ou \u00e0 la coll\u00e8gue qui a toujours une urgence. Et pourtant&#8230; le sentiment de ne pas se respecter, de se faire avoir, d&rsquo;\u00eatre abus\u00e9, persiste.&nbsp;<\/p>\n\n\n\n<p>Avec en cadeau la fatigue g\u00e9n\u00e9r\u00e9e par la situation et l&rsquo;estime de soi qui baisse.&nbsp;<\/p>\n\n\n\n<p>D&rsquo;autres n&rsquo;ont aucun probl\u00e8me \u00e0 poser leurs limites et dire non. Mais ceux-l\u00e0 parfois se rendent compte qu&rsquo;ils passent pour des bulldozers, ou que leur fa\u00e7on de dire non est plut\u00f4t mal re\u00e7ue par la personne en face.&nbsp;<br><br>QUOI DONC ?<br>Il s&rsquo;agit de pratiquer, sur des exemples concrets, en petit groupe, des modes de communication pour pouvoir dire non, poser ses limites, en se respectant soi et en respectant les autres.&nbsp;<\/p>\n\n\n\n<p>Moins de fatigue et plus de confiance en soi, des relations apais\u00e9es, des personnes qui apprennent \u00e0 avancer ensemble sans se marcher dessus.&nbsp;<br>Ces ateliers visent l&rsquo;affirmation de soi, tout en \u00e9tant bien re\u00e7ue par l&rsquo;autre. <br><br>LA PROPOSITION<br>&#8211; Atelier en visio de 90 minutes.<br>&#8211; Groupe de 4 \u00e0 6 personnes.<br>&#8211; Nous nous pr\u00e9sentons rapidement. La cam\u00e9ra n&rsquo;est pas obligatoire.<br>&#8211; On pratique sous forme de jeux de r\u00f4le volontaires et facultatifs, on s&rsquo;entraine, tout en d\u00e9taillant les outils utilis\u00e9s.&nbsp;<br>&#8211; Ensuite, nous d\u00e9codons ce qui s&rsquo;est jou\u00e9, et l&rsquo;impact des mots et attitudes, les outils utilis\u00e9s.<br>&#8211; Un replay sera disponible pendant 2-4 semaines environ, dans l&rsquo;espace s\u00e9curis\u00e9 ci-dessous pour les participants, afin de reprendre au calme les outils<\/p>\n\n\n\n<p>Poser ses limites et dire non en se respectant, en \u00e9tant respect\u00e9, et en respectant l&rsquo;autre, \u00e7a se travaille.&nbsp;<\/p>\n\n\n\n<p>Cet atelier vous propose un espace d&rsquo;entrainement, et un peu d&rsquo;autod\u00e9rision et beaucoup de douceur pour les personnes et les situations.\u00a0<br><br>LA VALEUR<br>29\u20ac TTC (21% de tva espagnole incluse) par personne et par atelier.<br><a href=\"https:\/\/calendly.com\/hello-mayaelle\/atelier-poser-ses-limites-dire-non?month=2025-10\" target=\"_blank\" rel=\"noopener\">R\u00e9server mon atelier <\/a><\/p>\n\n\n\n<p><\/p>\n\n\n\n<div class=\"wp-block-group has-global-padding is-layout-constrained wp-block-group-is-layout-constrained\">\n<p><em>Pour aller plus loin: <br>Je travaille sur un programme de psycho\u00e9ducation sous forme de 3x 5 ateliers pour pratiquer l&rsquo;assertivit\u00e9. Ce programme dans un premier temps sera r\u00e9serv\u00e9 aux femmes autistes et\/ou avec TDAH. <br>Pour m&rsquo;aider ainsi que l&rsquo;\u00e9quipe pluridisciplinaire qui travaille avec moi sur ce projet,<a href=\"https:\/\/docs.google.com\/forms\/d\/e\/1FAIpQLSf1m0IIY08meWVWFOuvmid6BhAgpnHxuv6z95Xm9lyEED35VA\/viewform?usp=header\" target=\"_blank\" rel=\"noopener\"> vous pouvez remplir et\/ou diffuser ce questionnaire. <\/a><br>Merci beaucoup ! <\/em><\/p>\n<\/div>\n\n\n\n<p><mark class=\"has-inline-color has-custom-bleu-color\"><\/mark><\/p>\n\n\n\n<p class=\"has-text-align-center blockera-block blockera-block-40lfh6 has-base-color has-text-color has-background has-link-color has-medium-font-size wp-elements-b742a132a4408d743406d4fb3453d31d\" style=\"background-color:#b38a57\">Replay r\u00e9serv\u00e9 aux participants du dernier atelier . Cr\u00e9ez votre compte ou <a href=\"https:\/\/www.mayaelle.org\/fr\/sidentifier\/\">identifiez-vous pour avoir acc\u00e8s \u00e0 ce contenu.<\/a>. Votre compte sera valid\u00e9 sous quelques jours.<\/p>\n\n\n\n<p><mark class=\"has-inline-color has-custom-bleu-color\"><\/mark><br><br><\/p>\n\n\n\n","protected":false},"excerpt":{"rendered":"<p>Dire non, poser ses limites POUR QUOI ?Certains ont du mal \u00e0 dire non au vendeur si gentil et attentif, \u00e0 l&rsquo;invitation de la voisine, aux injonctions de l&rsquo;\u00e9cole, au chef ou \u00e0 la coll\u00e8gue qui a toujours une urgence. Et pourtant&#8230; le sentiment de ne pas se respecter, de se faire avoir, d&rsquo;\u00eatre abus\u00e9, [&hellip;]<\/p>\n","protected":false},"author":2,"featured_media":0,"parent":1329,"menu_order":0,"comment_status":"closed","ping_status":"closed","template":"","meta":{"footnotes":""},"class_list":["post-2821","page","type-page","status-publish","hentry"],"pbg_featured_image_src":{"full":false,"thumbnail":false,"medium":false,"medium_large":false,"large":false,"1536x1536":false,"2048x2048":false},"pbg_author_info":{"display_name":"Yaelle Zoller","author_link":"https:\/\/www.mayaelle.org\/fr\/author\/yaelle\/","author_img":"<img src=\"https:\/\/www.mayaelle.org\/fr\/wp-content\/plugins\/profilegrid-user-profiles-groups-and-communities\/public\/\/partials\/images\/default-user.png\" width=\"128\" height=\"128\" class=\"user-profile-image\" \/>"},"pbg_comment_info":" No Comments","pbg_excerpt":"Dire non, poser ses limites POUR QUOI ?Certains ont du mal \u00e0 dire non au vendeur si gentil et attentif, \u00e0 l&rsquo;invitation de la voisine, aux injonctions de l&rsquo;\u00e9cole, au chef ou \u00e0 la coll\u00e8gue qui a toujours une urgence. Et pourtant&#8230; le sentiment de ne pas se respecter, de se faire avoir, d&rsquo;\u00eatre abus\u00e9,\u2026","_links":{"self":[{"href":"https:\/\/www.mayaelle.org\/fr\/wp-json\/wp\/v2\/pages\/2821","targetHints":{"allow":["GET"]}}],"collection":[{"href":"https:\/\/www.mayaelle.org\/fr\/wp-json\/wp\/v2\/pages"}],"about":[{"href":"https:\/\/www.mayaelle.org\/fr\/wp-json\/wp\/v2\/types\/page"}],"author":[{"embeddable":true,"href":"https:\/\/www.mayaelle.org\/fr\/wp-json\/wp\/v2\/users\/2"}],"replies":[{"embeddable":true,"href":"https:\/\/www.mayaelle.org\/fr\/wp-json\/wp\/v2\/comments?post=2821"}],"version-history":[{"count":18,"href":"https:\/\/www.mayaelle.org\/fr\/wp-json\/wp\/v2\/pages\/2821\/revisions"}],"predecessor-version":[{"id":3200,"href":"https:\/\/www.mayaelle.org\/fr\/wp-json\/wp\/v2\/pages\/2821\/revisions\/3200"}],"up":[{"embeddable":true,"href":"https:\/\/www.mayaelle.org\/fr\/wp-json\/wp\/v2\/pages\/1329"}],"wp:attachment":[{"href":"https:\/\/www.mayaelle.org\/fr\/wp-json\/wp\/v2\/media?parent=2821"}],"curies":[{"name":"wp","href":"https:\/\/api.w.org\/{rel}","templated":true}]}}