{"id":3128,"date":"2026-03-23T17:56:43","date_gmt":"2026-03-23T16:56:43","guid":{"rendered":"https:\/\/www.mayaelle.org\/fr\/?page_id=3128"},"modified":"2026-03-23T18:10:30","modified_gmt":"2026-03-23T17:10:30","slug":"retours-dauditeurs","status":"publish","type":"page","link":"https:\/\/www.mayaelle.org\/fr\/qui-suis-je\/retours-dauditeurs\/","title":{"rendered":"Retours d&rsquo;auditeurs"},"content":{"rendered":"\n<p><\/p>\n\n\n\n<p><strong>Laurence, mars 2025 <\/strong><br>Merci Maya pour ton travail pertinent et \u00e9clairant ! J&rsquo;appr\u00e9cie beaucoup ton regard bienveillant mais toujours extr\u00eamement r\u00e9fl\u00e9chi et poussant \u00e0 l&rsquo;analyse. C&rsquo;est motivant et m&rsquo;encourage \u00e0 poursuivre ma d\u00e9marche, en tant que maman de famille nombreuse, entour\u00e9e de neuro-atypiques en tous genres mais surtout d&rsquo;\u00eatres humains \u00e0 la fois uniques et semblables ! Quels d\u00e9fis repr\u00e9sentent la vie en soci\u00e9t\u00e9, \u00e0 commencer par les interactions familiales et professionnelles quotidiennes !<\/p>\n\n\n\n<p><strong>Laetitia, septembre 2024<\/strong><br>Merci pour ce podcast&#8230; un peu diff\u00e9rent&#8230; je suis psychologue et autiste et c&rsquo;\u00e9tait int\u00e9ressant de t&rsquo;entendre d\u00e9cortiquer tout cela.<\/p>\n\n\n\n<p><strong>EcranNoir, janvier 2025 <\/strong><br>Un travail remarquable, g\u00e9nial dans sa construction, sa narration, son contenu, sa sensibilit\u00e9, sa distance \u00e0 soi, sa composition de regards crois\u00e9s : d&rsquo;utilit\u00e9 publique. J&rsquo;aurais pu juste dire que tout cela me laisse sans voix tellement c&rsquo;est bon et bien \u00e9crit, mais en bon TSA SDI que je suis je pouvais difficilement faire dans le mutisme s\u00e9<em>lectif. Un grand merci pour ce que vous \u00eates et ce que vous faites<\/em>.<\/p>\n\n\n\n<p><strong>Twizie 07.03.2025<\/strong><br>Bonjour ! Une amie tr\u00e8s concern\u00e9e m&rsquo;a dirig\u00e9 vers ce podcast et sinc\u00e8rement je ne regrette pas d&rsquo;avoir pris le temps de vous \u00e9couter. D&rsquo;abord sur la forme vous \u00eates tr\u00e8s agr\u00e9able \u00e0 suivre et \u00e7a fait du bien. Et alors sur le fond c&rsquo;est encore plus fort ! \u00c9tant soixantenaire bien avanc\u00e9 et ayant exerc\u00e9 plusieurs m\u00e9tiers tr\u00e8s diff\u00e9rents, je peux t\u00e9moigner avec un certain recul et une certaine exp\u00e9rience de la violence que la soci\u00e9t\u00e9 nous inflige et que nous nous infligeons pour nous y adapter, sans parler de l&rsquo;\u00e9cole etc. Je pr\u00e9cise que, bien qu&rsquo;ayant une particularit\u00e9 diagnostiqu\u00e9e tardivement (HPI) je ne suis pas officiellement autiste tout simplement parce qu&rsquo;on n&rsquo;a pas cherch\u00e9 de ce c\u00f4t\u00e9-l\u00e0 et qu&rsquo;il n&rsquo;y a peut-\u00eatre rien \u00e0 y trouver et\/ou que les fronti\u00e8res sont floues, tout ce que vous dites me para\u00eet taper dans le mille et concerner tout le monde. Que de souffrances, d&rsquo;injustices, d&rsquo;incompr\u00e9hension, de surcharges physique et mentale, d&rsquo;injonctions ext\u00e9rieures puis int\u00e9rioris\u00e9es et donc de culpabilit\u00e9 mal plac\u00e9e ! Alors pour celles et ceux qui sont vraiment dans ce \u00ab\u00a0spectre\u00a0\u00bb j&rsquo;imagine \u00e0 peine l&rsquo;horreur&#8230; J&rsquo;aurais encore plein de choses \u00e0 dire, mais je vais m&rsquo;arr\u00eater l\u00e0 et vous dire merci, continuez !<\/p>\n\n\n\n<p><strong>M\u00e9lanie, f\u00e9vrier 2025 <\/strong><br>Merci pour ces pr\u00e9cieuses informations. <br> \u00c7a me soulage un peu de savoir que nous avons tous notre propre rythme. J\u2019ai souvent eu la pression de la performance et j\u2019ai encore beaucoup d\u2019inqui\u00e9tudes de performance parce que j\u2019ai parfois besoin de plus de temps que les autres pour effectuer une t\u00e2che, malgr\u00e9 le fait que j\u2019apprends tr\u00e8s vite et que j\u2019\u00e9tais tr\u00e8s bonne \u00e0 l\u2019\u00e9cole.<\/p>\n\n\n\n<p><strong>Z\u00e8bre, 7 d\u00e9cembre 2024 <\/strong><br>La premi\u00e8re minute est&#8230; sid\u00e9rante de v\u00e9rit\u00e9 pour ma part. Tu es un petit bijou de sagesse, humble et vraie, je suis&#8230; touch\u00e9. Merci.<br><br><strong>Cook, 7 d\u00e9cembre 2024 <\/strong><br>Merci ! C&rsquo;est tellement difficile de trouver des ressources sur les probl\u00e8mes de communication dans la sph\u00e8re \u00e9motionnelle intime dans le couple.. \u00e7a m&rsquo;a caus\u00e9 pas mal de souci dans mes relations les difficult\u00e9s \u00e0 faire comprendre, car je ne comprenais pas moi m\u00eame.<br><br><strong>Manue, novembre 2024 <\/strong><br>Je vous d\u00e9couvre par hasard dans des podcasts conseill\u00e9s, votre travail est une mine d&rsquo;or merci beaucoup. J&rsquo;encha\u00eene les \u00e9coutes et \u00e7a fait du bien (s\u00fbrement que l&rsquo;on soit autiste ou non) vous donnez des cl\u00e9s de compr\u00e9hension que l&rsquo;on n&rsquo;a pas toujours. Merci beaucoup.<\/p>\n\n\n\n<p><strong>Alice, janvier 2025<\/strong><br>Merci madame pour vos explications pr\u00e9cises et pleines de tendresse respectueuse. Je d\u00e9couvre depuis quelques mois le monde du TSA. Cela m&rsquo;aide grandement \u00e0 comprendre ma ch\u00e8re famille et surtout \u00e0 mieux g\u00e9rer les probl\u00e8mes familiaux avec tendresse et efficacit\u00e9 sans sombrer moi-m\u00eame \u00e9motionnellement. \u00c0 pr\u00e8s de 78 ans je n&rsquo;ai pas fini d&rsquo;apprendre. Merci de tout coeur!<\/p>\n\n\n\n<p><strong>Lyli, septembre 2024<\/strong><br>Merci beaucoup pour la qualit\u00e9 de contenu et sa pr\u00e9sentation&#8230; c&rsquo;est monumental les prises de conscience&#8230;. Un tsunami qui perdure depuis mon diagnostic r\u00e9cent \u00e0 41 ans&#8230; Merci !!!C&rsquo;est difficile de mesurer \u00e0 quel point j&rsquo;ai pass\u00e9 une vie compl\u00e8tement dissoci\u00e9e car beaucoup trop d&rsquo;intensit\u00e9 et de souffrance int\u00e9rioris\u00e9e en lutte contre moi m\u00eame \u00e0 toujours me conformer et pousser mes limites. Je pense que c&rsquo;est impossible \u00e0 comprendre et mesurer vraiment pour quelqu&rsquo;un qui ne vit pas avec ces param\u00e8tres&#8230;<\/p>\n\n\n\n<p><strong>Sentinelle, juin 2024 <\/strong><br>Je suis tr\u00e8s contente d&rsquo;\u00eatre tomb\u00e9e sur cette cha\u00eene !! Je cherchais des infos t\u00e9moignages sur les personnes \u00e2g\u00e9es autistes et ce podcast tombe \u00e0 pic. Comme je suis moi m\u00eame autiste, je me demande comment vieillissent les personnes autistes. Merci beaucoup pour ce partage !!!<\/p>\n\n\n\n<p><strong>Corneillia, octobre 2024 <\/strong><br>Waouh, je suis impressionn\u00e9 par vos vid\u00e9os, par cette clairvoyance, qui vous anime par cette tranquillit\u00e9 d\u2019Explication qui apaise, je suis actuellement submerg\u00e9 d\u2019\u00e9motion, en \u00e9tant arriv\u00e9 \u00e0 la fin de celui-ci qui me fait remonter toute l\u2019incompr\u00e9hension qu\u2019on m\u2019a fait subir\u2026. Toutes les strat\u00e9gies que j\u2019ai d\u00fb \u00e9laborer pour \u00eatre comprise, cela fait quatre mois que je cherche des solutions. Mon esprit fuse dans tous les sens\u2026 pourquoi j\u2019attire que des personnes toxiques. Pourquoi il y a toute cette incompr\u00e9hension devoir toujours recommencer repartir. J\u2019ai demand\u00e9 \u00e0 mon m\u00e9decin de pouvoir suivre une psychoth\u00e9rapie et remonter dans mon enfance, mais tous les Professionnels autour de moi n\u2019ont plus de rendez-vous possible. Du coup je me suis orient\u00e9 sur YouTube et je regarde les diff\u00e9rentes vid\u00e9os sur la perversion narcissique. Je cherche la raison pourquoi je me laisse toujours entra\u00eener dans ce genre de relation et je me suis rendu compte que tout remonte \u00e0 mon enfance et cela a d\u00e9j\u00e0 d\u00e9marr\u00e9 par mon p\u00e8re. Ensuite j\u2019ai vu qu\u2019il y avait les vid\u00e9os sur l\u2019autisme, asperger TSA les probl\u00e8mes dis et j\u2019en passe\u2026. Des heures de visionnage obsessionnels\u2026tout savoir, tout comprendre. Et de fil en aiguille, je m\u2019en rends compte de me retrouver enti\u00e8rement l\u00e0-dedans et que certainement j\u2019ai les enfants et petits-enfants qui ont des sympt\u00f4mes actuellement j\u2019ai 66 ans c\u2019est dur de se rendre compte qu\u2019on a pass\u00e9 toute sa vie avec cette incompr\u00e9hension. Sur-adaptation aux concepts des autres, les fatigues que je pensaient chroniques. J\u2019ai pass\u00e9 m\u00eame des \u00e9lectro enc\u00e9phalogramme pour savoir si j\u2019avais pas des probl\u00e8mes c\u00e9r\u00e9braux. Migraines persistantes. Pourquoi comment dommage qu\u2019on avait pas ses connaissances plus t\u00f4t. Cela m\u2019aurait faciliter grandement ma vie de travail, de savoir certainement mieux m\u2019adapter de m\u2019en sortir plus facilement avec moins de souffrances. Excusez-moi si je ne suis pas tr\u00e8s claire, j\u2019ai l\u2019esprit qui fuse actuellement dans tous les sens, j\u2019ai l\u2019impression d\u2019avoir la r\u00e9v\u00e9lation de ma vie, vous \u00eates formidable. Vous m\u2019avez r\u00e9veill\u00e9 sur mon parcours de vie, je suis en train d\u2019analyser plein de choses qui me sont arriv\u00e9s avec une vision totalement diff\u00e9rente. Je me sens plus l\u00e9g\u00e8re pleine d\u2019\u00e9motions tout de m\u00eame.<\/p>\n\n\n\n<p><strong>Nath, septembre 2024 <\/strong><br>Bonjour. Merci pour ce t\u00e9moignage. Je suis moi-m\u00eame m\u00e9decin, sp\u00e9cialiste, et en cours de diagnostic vers un TSA +\/- TDAH. J\u2019ai plus de 50 ans, beaucoup compens\u00e9 et beaucoup masqu\u00e9. Je consulte sur RDV et je suis toujours en retard sur le planning (en g\u00e9n\u00e9ral d\u2019une demi heure voire d\u2019une heure). Souvent parce que je prends \u00ab&nbsp;trop&nbsp;\u00bb de temps pour \u00e9couter les patients. J\u2019ai l\u2019impression que ce temps d\u2019\u00e9coute est ce qui soigne plus que l\u2019ordonnance que je fais, et ceux qui sont d\u00e9j\u00e0 venus me voir me pardonnent tous les retards. Et je les remercie. Je conseille \u00e0 mes patients neuro-atypiques ou non qui ont du mal avec les salles d\u2019attente de prendre RDV en d\u00e9but de matin\u00e9e ou d\u00e9but d\u2019apr\u00e8s-midi, pour \u00eatre les premiers \u00e0 passer et donc pour ne pas \u00eatre sous le coup de retard qui s\u2019accumule au fil du temps.<\/p>\n\n\n\n<p class=\"blockera-block blockera-block-lej20t\" style=\"border-top-width:1px;border-right-width:1px;border-bottom-width:1px;border-left-width:1px\">Je fais de la pair\u2011aidance et pair-aidance familiale, de la psycho\u00e9ducation, je ne fais pas de diagnostic ni de prescription. Je travaille en lien avec les \u00e9quipes de soin quand c\u2019est possible.<\/p>\n\n\n\n<p><strong>Simplement et vraiment merci, pour vos commentaires laiss\u00e9s au gr\u00e9 des \u00e9pisodes du podcast sur YouTube. <\/strong><br><strong>Maya Yaelle<\/strong><\/p>\n\n\n\n<p><\/p>\n\n\n\n<p><\/p>\n\n\n\n<p><\/p>\n\n\n\n<p><\/p>\n","protected":false},"excerpt":{"rendered":"<p>Laurence, mars 2025 Merci Maya pour ton travail pertinent et \u00e9clairant ! J&rsquo;appr\u00e9cie beaucoup ton regard bienveillant mais toujours extr\u00eamement r\u00e9fl\u00e9chi et poussant \u00e0 l&rsquo;analyse. C&rsquo;est motivant et m&rsquo;encourage \u00e0 poursuivre ma d\u00e9marche, en tant que maman de famille nombreuse, entour\u00e9e de neuro-atypiques en tous genres mais surtout d&rsquo;\u00eatres humains \u00e0 la fois uniques et [&hellip;]<\/p>\n","protected":false},"author":1,"featured_media":0,"parent":13,"menu_order":0,"comment_status":"closed","ping_status":"closed","template":"","meta":{"footnotes":""},"class_list":["post-3128","page","type-page","status-publish","hentry"],"pbg_featured_image_src":{"full":false,"thumbnail":false,"medium":false,"medium_large":false,"large":false,"1536x1536":false,"2048x2048":false},"pbg_author_info":{"display_name":"admin","author_link":"https:\/\/www.mayaelle.org\/fr\/author\/admin\/","author_img":"<img src=\"https:\/\/www.mayaelle.org\/fr\/wp-content\/plugins\/profilegrid-user-profiles-groups-and-communities\/public\/\/partials\/images\/admin-default-user.png\" width=\"128\" height=\"128\" class=\"user-profile-image\" \/>"},"pbg_comment_info":" No Comments","pbg_excerpt":"Laurence, mars 2025 Merci Maya pour ton travail pertinent et \u00e9clairant ! J&rsquo;appr\u00e9cie beaucoup ton regard bienveillant mais toujours extr\u00eamement r\u00e9fl\u00e9chi et poussant \u00e0 l&rsquo;analyse. C&rsquo;est motivant et m&rsquo;encourage \u00e0 poursuivre ma d\u00e9marche, en tant que maman de famille nombreuse, entour\u00e9e de neuro-atypiques en tous genres mais surtout d&rsquo;\u00eatres humains \u00e0 la fois uniques et\u2026","_links":{"self":[{"href":"https:\/\/www.mayaelle.org\/fr\/wp-json\/wp\/v2\/pages\/3128","targetHints":{"allow":["GET"]}}],"collection":[{"href":"https:\/\/www.mayaelle.org\/fr\/wp-json\/wp\/v2\/pages"}],"about":[{"href":"https:\/\/www.mayaelle.org\/fr\/wp-json\/wp\/v2\/types\/page"}],"author":[{"embeddable":true,"href":"https:\/\/www.mayaelle.org\/fr\/wp-json\/wp\/v2\/users\/1"}],"replies":[{"embeddable":true,"href":"https:\/\/www.mayaelle.org\/fr\/wp-json\/wp\/v2\/comments?post=3128"}],"version-history":[{"count":1,"href":"https:\/\/www.mayaelle.org\/fr\/wp-json\/wp\/v2\/pages\/3128\/revisions"}],"predecessor-version":[{"id":3130,"href":"https:\/\/www.mayaelle.org\/fr\/wp-json\/wp\/v2\/pages\/3128\/revisions\/3130"}],"up":[{"embeddable":true,"href":"https:\/\/www.mayaelle.org\/fr\/wp-json\/wp\/v2\/pages\/13"}],"wp:attachment":[{"href":"https:\/\/www.mayaelle.org\/fr\/wp-json\/wp\/v2\/media?parent=3128"}],"curies":[{"name":"wp","href":"https:\/\/api.w.org\/{rel}","templated":true}]}}