{"id":3188,"date":"2026-03-24T22:36:29","date_gmt":"2026-03-24T21:36:29","guid":{"rendered":"https:\/\/www.mayaelle.org\/fr\/?page_id=3188"},"modified":"2026-03-24T22:36:30","modified_gmt":"2026-03-24T21:36:30","slug":"%f0%9f%91%a4-adultes-concernes","status":"publish","type":"page","link":"https:\/\/www.mayaelle.org\/fr\/%f0%9f%91%a4-adultes-concernes\/","title":{"rendered":"\ud83d\udc64 Adultes concern\u00e9s"},"content":{"rendered":"\n<p class=\"has-heading-font-family\" style=\"font-size:clamp(0.875rem, 0.875rem + ((1vw - 0.2rem) * 0.708), 1.3rem);\"><\/p>\n\n\n\n<p>En faisant d\u00e9rouler le menu vous verrez les possibilit\u00e9s.<br>Et en <a href=\"https:\/\/www.mayaelle.org\/fr\/rendez-vous\/\">cliquant ici<\/a>, vous pouvez r\u00e9server votre s\u00e9ance.<\/p>\n\n\n\n<ul class=\"wp-block-list\">\n<li>Compr\u00e9hension du fonctionnement<\/li>\n\n\n\n<li>R\u00e9gulation \u00e9motionnelle<\/li>\n\n\n\n<li>Assertivit\u00e9<\/li>\n<\/ul>\n","protected":false},"excerpt":{"rendered":"<p>En faisant d\u00e9rouler le menu vous verrez les possibilit\u00e9s.Et en cliquant ici, vous pouvez r\u00e9server votre s\u00e9ance.<\/p>\n","protected":false},"author":1,"featured_media":0,"parent":0,"menu_order":0,"comment_status":"closed","ping_status":"closed","template":"","meta":{"footnotes":""},"class_list":["post-3188","page","type-page","status-publish","hentry"],"pbg_featured_image_src":{"full":false,"thumbnail":false,"medium":false,"medium_large":false,"large":false,"1536x1536":false,"2048x2048":false},"pbg_author_info":{"display_name":"admin","author_link":"https:\/\/www.mayaelle.org\/fr\/author\/admin\/","author_img":"<img src=\"https:\/\/www.mayaelle.org\/fr\/wp-content\/plugins\/profilegrid-user-profiles-groups-and-communities\/public\/\/partials\/images\/admin-default-user.png\" width=\"128\" height=\"128\" class=\"user-profile-image\" \/>"},"pbg_comment_info":" No Comments","pbg_excerpt":"En faisant d\u00e9rouler le menu vous verrez les possibilit\u00e9s.Et en cliquant ici, vous pouvez r\u00e9server votre s\u00e9ance.","_links":{"self":[{"href":"https:\/\/www.mayaelle.org\/fr\/wp-json\/wp\/v2\/pages\/3188","targetHints":{"allow":["GET"]}}],"collection":[{"href":"https:\/\/www.mayaelle.org\/fr\/wp-json\/wp\/v2\/pages"}],"about":[{"href":"https:\/\/www.mayaelle.org\/fr\/wp-json\/wp\/v2\/types\/page"}],"author":[{"embeddable":true,"href":"https:\/\/www.mayaelle.org\/fr\/wp-json\/wp\/v2\/users\/1"}],"replies":[{"embeddable":true,"href":"https:\/\/www.mayaelle.org\/fr\/wp-json\/wp\/v2\/comments?post=3188"}],"version-history":[{"count":1,"href":"https:\/\/www.mayaelle.org\/fr\/wp-json\/wp\/v2\/pages\/3188\/revisions"}],"predecessor-version":[{"id":3189,"href":"https:\/\/www.mayaelle.org\/fr\/wp-json\/wp\/v2\/pages\/3188\/revisions\/3189"}],"wp:attachment":[{"href":"https:\/\/www.mayaelle.org\/fr\/wp-json\/wp\/v2\/media?parent=3188"}],"curies":[{"name":"wp","href":"https:\/\/api.w.org\/{rel}","templated":true}]}}